{"id":7344,"date":"2025-12-30T10:50:47","date_gmt":"2025-12-30T09:50:47","guid":{"rendered":"https:\/\/sibenik-meteo.hr\/?page_id=7344"},"modified":"2025-12-30T15:55:12","modified_gmt":"2025-12-30T14:55:12","slug":"visina-snijega","status":"publish","type":"page","link":"https:\/\/sibenik-meteo.hr\/index.php\/visina-snijega\/","title":{"rendered":"Visina snijega"},"content":{"rendered":"\n<h4 class=\"wp-block-heading\">Automatski senzori \u0160ibenik Meteo<\/h4>\n\n\n\n<div align=\"right\">\n<iframe src=\"https:\/\/sibenik-meteo.hr\/weather\/banner_pi_mhub\/snijeg_desktop.php\" border=\"0\" cellspacing=\"0\" style=\"border-style: none;width: 100%; height:300px;\" frameborder=\"0\"><\/iframe>\n<\/div>\n\n\n\n<h4 class=\"wp-block-heading\">Hrvatska (DHMZ)<\/h4>\n\n\n\n<div align=\"right\">\n<iframe src=\"https:\/\/sibenik-meteo.hr\/weather\/banner_pi_mhub\/snijeg_tablica.php\" border=\"0\" cellspacing=\"0\" style=\"border-style: none;width: 100%; height:500px;\" frameborder=\"0\"><\/iframe>\n<\/div>\n\n\n\n<h4 class=\"wp-block-heading\">O projektu<\/h4>\n\n\n\n<p>Visina snijega mjeri se automatski pomo\u0107u laserskog senzora. Vrijeme osvje\u017eavanja podataka je 5 minuta. Oprema je jo\u0161 u fazi testiranja!<\/p>\n\n\n\n<p>Projekt je financirala \u0160ibensko-kninska \u017eupanija.<\/p>\n\n\n\n<div class=\"wp-block-image\"><figure class=\"aligncenter\"><img loading=\"lazy\" decoding=\"async\" width=\"768\" height=\"1024\" src=\"https:\/\/sibenik-meteo.hr\/wp-content\/uploads\/2025\/12\/IMG_7467-768x1024.jpeg\" alt=\"\" class=\"wp-image-7364\" srcset=\"https:\/\/sibenik-meteo.hr\/wp-content\/uploads\/2025\/12\/IMG_7467-768x1024.jpeg 768w, https:\/\/sibenik-meteo.hr\/wp-content\/uploads\/2025\/12\/IMG_7467-225x300.jpeg 225w, https:\/\/sibenik-meteo.hr\/wp-content\/uploads\/2025\/12\/IMG_7467.jpeg 866w\" sizes=\"auto, (max-width: 768px) 100vw, 768px\" \/><figcaption>Laserski senzor za mjerenje visine snijega<\/figcaption><\/figure><\/div>\n","protected":false},"excerpt":{"rendered":"<p>Automatski senzori \u0160ibenik Meteo Hrvatska (DHMZ) O projektu Visina snijega mjeri se automatski pomo\u0107u laserskog&#8230;<\/p>\n","protected":false},"author":1,"featured_media":0,"parent":0,"menu_order":0,"comment_status":"closed","ping_status":"closed","template":"","meta":{"_monsterinsights_skip_tracking":false,"_monsterinsights_sitenote_active":false,"_monsterinsights_sitenote_note":"","_monsterinsights_sitenote_category":0,"footnotes":""},"class_list":["post-7344","page","type-page","status-publish","hentry"],"_links":{"self":[{"href":"https:\/\/sibenik-meteo.hr\/index.php\/wp-json\/wp\/v2\/pages\/7344","targetHints":{"allow":["GET"]}}],"collection":[{"href":"https:\/\/sibenik-meteo.hr\/index.php\/wp-json\/wp\/v2\/pages"}],"about":[{"href":"https:\/\/sibenik-meteo.hr\/index.php\/wp-json\/wp\/v2\/types\/page"}],"author":[{"embeddable":true,"href":"https:\/\/sibenik-meteo.hr\/index.php\/wp-json\/wp\/v2\/users\/1"}],"replies":[{"embeddable":true,"href":"https:\/\/sibenik-meteo.hr\/index.php\/wp-json\/wp\/v2\/comments?post=7344"}],"version-history":[{"count":21,"href":"https:\/\/sibenik-meteo.hr\/index.php\/wp-json\/wp\/v2\/pages\/7344\/revisions"}],"predecessor-version":[{"id":7370,"href":"https:\/\/sibenik-meteo.hr\/index.php\/wp-json\/wp\/v2\/pages\/7344\/revisions\/7370"}],"wp:attachment":[{"href":"https:\/\/sibenik-meteo.hr\/index.php\/wp-json\/wp\/v2\/media?parent=7344"}],"curies":[{"name":"wp","href":"https:\/\/api.w.org\/{rel}","templated":true}]}}