{"id":67,"date":"2020-03-25T12:17:08","date_gmt":"2020-03-25T11:17:08","guid":{"rendered":"http:\/\/sibenik-meteo.hr\/?page_id=67"},"modified":"2020-04-05T17:32:10","modified_gmt":"2020-04-05T15:32:10","slug":"o-nama","status":"publish","type":"page","link":"https:\/\/sibenik-meteo.hr\/index.php\/o-nama\/","title":{"rendered":"O nama"},"content":{"rendered":"\n<p>\u0160ibenik\nMeteo je internet portal koji objavljuje aktualne vremenske podatke sa \nautomatskih meteorolo\u0161kih postaja, sliku sa panoramskih kamera i prenosi\n vremensku prognozu slu\u017ebenih meteorolo\u0161kih organizacija za \u0160ibenik i \npodru\u010dje sjeverne Dalmacije te je dio Udruge &#8220;\u0160ibenik Meteo&nbsp; &#8211;&nbsp; Motrenje\n i\nprognoziranje vremena&#8221; sa sjedi\u0161tem u \u0160ibeniku.<\/p>\n\n\n\n<p class=\"has-large-font-size\">Osnovni sadr\u017eaj djelatnosti Udruge je: <\/p>\n\n\n\n<ul class=\"wp-block-list\"><li>motrenje i prognoziranje vremena, te informiranje javnosti o trenutnim meteorolo\u0161kim prilikama i klimatolo\u0161kim podacima<\/li><li>postavljanje i umre\u017eavanje automatskih meteorol\u0161kih postaja na podru\u010dju djelovanja Udruge<\/li><li>stvaranje mre\u017ee vremenskih motritelja na volonterskoj osnovi, te briga o njihovom radu<\/li><li>organiziranje predavanja, seminara i sli\u010dnih skupova radi unapre\u0111enja stru\u010dno znanstvene osposobljenosti \u010dlanova Udruge<\/li><li>razvitak internet stranice koja nudi informacije o vremenu<\/li><li>sustavno fotografiranje i pra\u0107enje vremenskih doga\u0111aja uz organizaciju foto izlo\u017ebi<\/li><li>ostvarivanje suradnje s organizacijama i ustanovama koje se bave meteorologijom kako u zemlji tako i u inozemstvu, te sa svim organizacijama koje podupiru rad Udruge, te ostale djelatnosti utvr\u0111ene Statutom Udruge<\/li><\/ul>\n\n\n\n<p>Predsjednik: Darko Begi\u0107 <\/p>\n\n\n\n<p>Zamjenik predsjednika: Denis Brlas<\/p>\n\n\n\n<p>Tajnik: Jure Ivi\u0107<\/p>\n\n\n\n<p>Tehni\u010dko-informati\u010dki sustavi: Marin Brajkovi\u0107<\/p>\n\n\n\n<p>Administratori \u0160ibenik: Kre\u0161o Bilu\u0161i\u0107, Ivan \u010cala, Ivica Grbelja<\/p>\n\n\n\n<p>Administrator Rogoznica: Jerko Toma\u0161evi\u0107<\/p>\n\n\n\n<p>Administrator Knin: Ante Vukorepa<br><\/p>\n\n\n\n<p>Administrator Primo\u0161ten: Josip Jadrijevi\u0107<\/p>\n\n\n\n<p><br>U sustavu se trenutno nalaze 32 automatske  meteorolo\u0161ke postaje, 5 automatskih sonda za mjerenje temperature mora,  seizmi\u010dki senzor, po jedan senzor grmljavinskog intenziteta i lokatora  grmljavinske aktivnosti, 32 panoramske i jedna podvodna kamera.<\/p>\n\n\n\n<p>Informacije i upite o radu Udruge mo\u017eete dobiti na e-mail adresi : <a href=\"mailto:info@sibenik-meteo.com\">info@sibenik-meteo.com <\/a><\/p>\n\n\n\n<p>Adresa: Stjepana Radi\u0107a 94,&nbsp; 22000 \u0160ibenik<\/p>\n\n\n\n<p>OIB: 74635094934<br><\/p>\n\n\n\n<p>IBAN: HR7023900011199007172<\/p>\n\n\n\n<p>Telefon: 091 101 63 47, 091 5509 006<br><\/p>\n\n\n\n<p><a href=\"https:\/\/banovac.mfin.hr\/rnoprt\/Details?handler=Details&amp;id=42200\">Financijski izvje\u0161taji udruge<\/a><\/p>\n\n\n\n<p>Udruga mo\u017ee obavljati gospodarsku djelatnost<\/p>\n","protected":false},"excerpt":{"rendered":"<p>\u0160ibenik Meteo je internet portal koji objavljuje aktualne vremenske podatke sa automatskih meteorolo\u0161kih postaja, sliku&#8230;<\/p>\n","protected":false},"author":1,"featured_media":0,"parent":0,"menu_order":0,"comment_status":"closed","ping_status":"closed","template":"","meta":{"_monsterinsights_skip_tracking":false,"_monsterinsights_sitenote_active":false,"_monsterinsights_sitenote_note":"","_monsterinsights_sitenote_category":0,"footnotes":""},"class_list":["post-67","page","type-page","status-publish","hentry"],"_links":{"self":[{"href":"https:\/\/sibenik-meteo.hr\/index.php\/wp-json\/wp\/v2\/pages\/67","targetHints":{"allow":["GET"]}}],"collection":[{"href":"https:\/\/sibenik-meteo.hr\/index.php\/wp-json\/wp\/v2\/pages"}],"about":[{"href":"https:\/\/sibenik-meteo.hr\/index.php\/wp-json\/wp\/v2\/types\/page"}],"author":[{"embeddable":true,"href":"https:\/\/sibenik-meteo.hr\/index.php\/wp-json\/wp\/v2\/users\/1"}],"replies":[{"embeddable":true,"href":"https:\/\/sibenik-meteo.hr\/index.php\/wp-json\/wp\/v2\/comments?post=67"}],"version-history":[{"count":5,"href":"https:\/\/sibenik-meteo.hr\/index.php\/wp-json\/wp\/v2\/pages\/67\/revisions"}],"predecessor-version":[{"id":625,"href":"https:\/\/sibenik-meteo.hr\/index.php\/wp-json\/wp\/v2\/pages\/67\/revisions\/625"}],"wp:attachment":[{"href":"https:\/\/sibenik-meteo.hr\/index.php\/wp-json\/wp\/v2\/media?parent=67"}],"curies":[{"name":"wp","href":"https:\/\/api.w.org\/{rel}","templated":true}]}}