{"id":66,"date":"2020-03-25T12:17:08","date_gmt":"2020-03-25T11:17:08","guid":{"rendered":"http:\/\/sibenik-meteo.hr\/?page_id=66"},"modified":"2025-05-26T23:17:12","modified_gmt":"2025-05-26T21:17:12","slug":"proizvodi-i-usluge","status":"publish","type":"page","link":"https:\/\/sibenik-meteo.hr\/index.php\/proizvodi-i-usluge\/","title":{"rendered":"Automatske meteo postaje i  sustavi"},"content":{"rendered":"\n<p>\u0160ibenik Meteo posjeduje vi\u0161e od 13 godina iskustva u radu s automatskim meteorolo\u0161kim postajama, morskim sondama i kamerama, senzorima kvalitete zraka te sukladno na\u0161im djelatnostima u mogu\u0107nosti smo ponuditi:<\/p>\n\n\n\n<ol class=\"wp-block-list\"><li>Instalaciju automatskih meteorolo\u0161kih postaja;<\/li><li>Instalaciju sondi za mjerenje temperature mora, vode i\ntla;<\/li><li>Instalaciju panoramskih i podvodnih kamera;<\/li><li>Potpunu uslugu od projektiranja, nabave opreme do\nmonta\u017ee na terenu (klju\u010d u ruke);<\/li><li>Informati\u010dku podr\u0161ku;<\/li><li>Pristup i sigurnost kompletne arhive meteorolo\u0161kih\nmjerenja;<\/li><li>Odr\u017eavanje opreme.<\/li><\/ol>\n\n\n\n<div class=\"wp-block-image\"><figure class=\"aligncenter is-resized\"><img loading=\"lazy\" decoding=\"async\" src=\"http:\/\/sibenik-meteo.hr\/wp-content\/uploads\/2020\/04\/darg1.jpg\" alt=\"\" class=\"wp-image-649\" width=\"490\" height=\"368\" srcset=\"https:\/\/sibenik-meteo.hr\/wp-content\/uploads\/2020\/04\/darg1.jpg 960w, https:\/\/sibenik-meteo.hr\/wp-content\/uploads\/2020\/04\/darg1-300x225.jpg 300w, https:\/\/sibenik-meteo.hr\/wp-content\/uploads\/2020\/04\/darg1-768x576.jpg 768w\" sizes=\"auto, (max-width: 490px) 100vw, 490px\" \/><\/figure><\/div>\n\n\n\n<p>Ukoliko \u017eelite imati jedan kvalitetan i pouzdan meteorolo\u0161ki sustav koji \u0107e biti postavljen prema standradima WMO, a niste sigurni \u0161to odabrati od opreme prepustite to nama. Na osnovu Va\u0161e lokacije, infrastrukture te sredstava koje planirate utro\u0161iti za Vas \u0107emo odabrati najpovoljniji sustav te po potrebi izvr\u0161iti monta\u017eu i osigurati serversku podr\u0161ku.<\/p>\n\n\n\n<p>Za ve\u0107e subjekte kao \u0161to su op\u0107ine i gradovi, TZ, \u0161kole, firme i institucije nudimo mogu\u0107nost najma i odr\u017eavanja meteo sustava koji \u0107e ovisno o potrebama korisnika zadovoljiti potrebe za informacijom o aktualnim vremenskim prilikama u realnom vremenu.<\/p>\n\n\n\n<p> Informacije i upite mo\u017eete poslati na adresu: <a href=\"mailto:info@sibenik-meteo.com\">info@sibenik-meteo.com <\/a> <br><\/p>\n\n\n\n<h4 class=\"wp-block-heading\">Automatske meteorolo\u0161ke postaje<\/h4>\n\n\n\n<p style=\"text-align:left\">Nudimo nabavu, predmonta\u017eu i monta\u017eu automatskih meteorolo\u0161kih postaja najpoznatijih svjetskih proizvo\u0111a\u010da koje su opremeljene senzorima za mjerenje: <\/p>\n\n\n\n<ul class=\"wp-block-list\"><li>Temperatura i vla\u017enost zraka<\/li><li>Tlak zraka<\/li><li>Smjer i brzina vjetra<\/li><li>Koli\u010dina oborina<\/li><li>UV indeks<\/li><li>Solarno zra\u010denje<\/li><li>Isparavanje vlage iz tla (evapotranspiracija)<\/li><li>Grmljavine<\/li><li>Visina snijega<\/li><li>Po\u017earni index<\/li><li>Opservacija neba i vrsta oborina (obla\u010dno, prete\u017eno obla\u010dno, prete\u017eno sun\u010dano, vedro, magla, ki\u0161a, susnje\u017eica, snijeg)<\/li><\/ul>\n\n\n\n<p>Automatske meteorolo\u0161ke postaje u intervalima od 1 do 15 minuta izmjerene podatke \u0161alju na server gdje se pohranjuju u bazu podataka, a podaci su vidljivi korisnicima putem desktop verzije stranice za PC ra\u010dunala ili mobilnih aplikacija. Mogu\u0107nost implementacije podataka u web stranicu korisnika.<\/p>\n\n\n\n<div class=\"wp-block-image\"><figure class=\"aligncenter is-resized\"><img loading=\"lazy\" decoding=\"async\" src=\"https:\/\/sibenik-meteo.hr\/wp-content\/uploads\/2020\/04\/amp1_aci.jpg\" alt=\"\" class=\"wp-image-645\" width=\"377\" height=\"503\" srcset=\"https:\/\/sibenik-meteo.hr\/wp-content\/uploads\/2020\/04\/amp1_aci.jpg 720w, https:\/\/sibenik-meteo.hr\/wp-content\/uploads\/2020\/04\/amp1_aci-225x300.jpg 225w\" sizes=\"auto, (max-width: 377px) 100vw, 377px\" \/><\/figure><\/div>\n\n\n\n<h4 class=\"wp-block-heading\">Agrometeorolo\u0161ke postaje<\/h4>\n\n\n\n<p>Osim standardnih ovaj tip meteo postaja je nadogra\u0111en sa dodatnima senzorima za mjerenje temperature i vla\u017enosti tla, kao i temperature zraka na 5cm iznad tla. Izmjereni podaci se mogu koristiti kao uvid u stanje tla i vegetacije te pojave mraza u prizemnom sloju.<\/p>\n\n\n\n<p>Agrometeorolo\u0161ke postaje imaju mogu\u0107nost komunikacije sa modernijim verzijama sustava za navodnjavanje pa putem alarma mogu te sustave ugasiti primjerice kada padne vi\u0161e od 3mm ki\u0161e, ako je tlo dovoljno zasi\u0107eno vlagom, ako temperatura zraka padne ispod 3\u00b0C ili ako je vjetar prejak.<\/p>\n\n\n\n<div class=\"wp-block-image\"><figure class=\"aligncenter is-resized\"><img loading=\"lazy\" decoding=\"async\" src=\"https:\/\/sibenik-meteo.hr\/wp-content\/uploads\/2023\/05\/agro-1.jpg\" alt=\"\" class=\"wp-image-4565\" width=\"453\" height=\"340\" srcset=\"https:\/\/sibenik-meteo.hr\/wp-content\/uploads\/2023\/05\/agro-1.jpg 960w, https:\/\/sibenik-meteo.hr\/wp-content\/uploads\/2023\/05\/agro-1-300x225.jpg 300w, https:\/\/sibenik-meteo.hr\/wp-content\/uploads\/2023\/05\/agro-1-768x576.jpg 768w\" sizes=\"auto, (max-width: 453px) 100vw, 453px\" \/><\/figure><\/div>\n\n\n\n<h4 class=\"wp-block-heading\">Sonde za mjerenje temperature mora<\/h4>\n\n\n\n<p>Sonde za mjerenje temperaturu mora ili vode su automatski ure\u0111aji koji na propisanoj dubini mjere temperaturu te u intervalima od 1 do 5 minuta izmjerene podatke putem radio veze \u0161alju do prijemne jedinice na obali.<\/p>\n\n\n\n<p>Kao i kod automatskih meteorolo\u0161kih postaja podaci su vidljivi korisnicima putem desktop verzije stranice za PC ra\u010dunala ili mobilnih aplikacija uz mogu\u0107nost implementacije podataka u  web stranicu korisnika. <\/p>\n\n\n\n<p>Na osnovu izmjerene brzine vjetra na lokaciji kori\u0161tenjem Beaufortove i  Douglasave skale odre\u0111ujemo i stanje valovitosti mora.<\/p>\n\n\n\n<div class=\"wp-block-image\"><figure class=\"aligncenter is-resized\"><img loading=\"lazy\" decoding=\"async\" src=\"https:\/\/sibenik-meteo.hr\/wp-content\/uploads\/2023\/06\/Screenshot-2023-06-25-at-10-47-39-bova-vodice-temperatura-mora-\u2013-Google-pretra\u017eivanje.png\" alt=\"\" class=\"wp-image-4667\" width=\"457\" height=\"362\" srcset=\"https:\/\/sibenik-meteo.hr\/wp-content\/uploads\/2023\/06\/Screenshot-2023-06-25-at-10-47-39-bova-vodice-temperatura-mora-\u2013-Google-pretra\u017eivanje.png 785w, https:\/\/sibenik-meteo.hr\/wp-content\/uploads\/2023\/06\/Screenshot-2023-06-25-at-10-47-39-bova-vodice-temperatura-mora-\u2013-Google-pretra\u017eivanje-300x238.png 300w, https:\/\/sibenik-meteo.hr\/wp-content\/uploads\/2023\/06\/Screenshot-2023-06-25-at-10-47-39-bova-vodice-temperatura-mora-\u2013-Google-pretra\u017eivanje-768x609.png 768w\" sizes=\"auto, (max-width: 457px) 100vw, 457px\" \/><\/figure><\/div>\n\n\n\n<div class=\"wp-block-image\"><figure class=\"aligncenter is-resized\"><img loading=\"lazy\" decoding=\"async\" src=\"http:\/\/sibenik-meteo.hr\/wp-content\/uploads\/2020\/04\/more_senzor.jpg\" alt=\"\" class=\"wp-image-651\" width=\"459\" height=\"307\" srcset=\"https:\/\/sibenik-meteo.hr\/wp-content\/uploads\/2020\/04\/more_senzor.jpg 900w, https:\/\/sibenik-meteo.hr\/wp-content\/uploads\/2020\/04\/more_senzor-300x201.jpg 300w, https:\/\/sibenik-meteo.hr\/wp-content\/uploads\/2020\/04\/more_senzor-768x515.jpg 768w, https:\/\/sibenik-meteo.hr\/wp-content\/uploads\/2020\/04\/more_senzor-675x450.jpg 675w\" sizes=\"auto, (max-width: 459px) 100vw, 459px\" \/><\/figure><\/div>\n\n\n\n<h4 class=\"wp-block-heading\">Senzori kvalitete zraka<\/h4>\n\n\n\n<p>Senzori kvalitete zraka u realnom vremenu omogu\u0107uju pra\u0107enje  koncentracije lebde\u0107ih \u010destica u zraku PM 1, 2.5 i 10 mikrona na temelju  kojega se prema standardu European Environment Agency izra\u010dunava visina  AQI indeksa. <\/p>\n\n\n\n<p>Instalacijom senzora dolazimo do uvida o koli\u010dini lebde\u0107ih \u010destica u zrak i njihovu koncentraciju ovisno o dobu dana, godine, intenzitetu  prometa ili rada industrijskih pogona, a sve opet u ovisnosti o  trenutnim vremenskim prilikama. Na osnovu mjerenja u realnom vremenu ranjive skupine gra\u0111ana mogu planirati svoje aktivnosti na otvorenom. <\/p>\n\n\n\n<p>Kao i kod automatskih meteorolo\u0161kih postaja podaci su vidljivi  korisnicima putem desktop verzije stranice za PC ra\u010dunala ili mobilnih  aplikacija uz mogu\u0107nost implementacije podataka u  web stranicu  korisnika.  <\/p>\n\n\n\n<div class=\"wp-block-image\"><figure class=\"aligncenter is-resized\"><img loading=\"lazy\" decoding=\"async\" src=\"https:\/\/sibenik-meteo.hr\/wp-content\/uploads\/2024\/02\/IMG_2201.jpeg\" alt=\"\" class=\"wp-image-5406\" width=\"457\" height=\"353\" srcset=\"https:\/\/sibenik-meteo.hr\/wp-content\/uploads\/2024\/02\/IMG_2201.jpeg 733w, https:\/\/sibenik-meteo.hr\/wp-content\/uploads\/2024\/02\/IMG_2201-300x232.jpeg 300w\" sizes=\"auto, (max-width: 457px) 100vw, 457px\" \/><\/figure><\/div>\n\n\n\n<h4 class=\"wp-block-heading\">LED display i video informativni totemi<\/h4>\n\n\n\n<p>Informativni podaci izmjereni na ure\u0111ajima osim na internetu mogu se javnosti prezentirati i putem LED display-a ili video totema, vrlo zanimljivo za javne pla\u017ee, trgove, \u0161etali\u0161ta. Osim meteorolo\u0161kih podataka, temperature mora ili koli\u010dine lebde\u0107ih \u010destica na informativnim totemima mogu se prikazivati i drugi sadr\u017eaji kao vremenska prognoza, pomorska prognoza i upozorenja te razne druge informacije i obavijesti.<\/p>\n\n\n\n<div class=\"wp-block-image\"><figure class=\"aligncenter is-resized\"><img loading=\"lazy\" decoding=\"async\" src=\"https:\/\/sibenik-meteo.hr\/wp-content\/uploads\/2021\/12\/Screenshot-2021-07-21-at-10-34-12-4-Facebook-1024x566.png\" alt=\"\" class=\"wp-image-1139\" width=\"439\" height=\"242\" srcset=\"https:\/\/sibenik-meteo.hr\/wp-content\/uploads\/2021\/12\/Screenshot-2021-07-21-at-10-34-12-4-Facebook-1024x566.png 1024w, https:\/\/sibenik-meteo.hr\/wp-content\/uploads\/2021\/12\/Screenshot-2021-07-21-at-10-34-12-4-Facebook-300x166.png 300w, https:\/\/sibenik-meteo.hr\/wp-content\/uploads\/2021\/12\/Screenshot-2021-07-21-at-10-34-12-4-Facebook-768x425.png 768w, https:\/\/sibenik-meteo.hr\/wp-content\/uploads\/2021\/12\/Screenshot-2021-07-21-at-10-34-12-4-Facebook.png 1411w\" sizes=\"auto, (max-width: 439px) 100vw, 439px\" \/><\/figure><\/div>\n\n\n\n<div class=\"wp-block-image\"><figure class=\"aligncenter is-resized\"><img loading=\"lazy\" decoding=\"async\" src=\"https:\/\/sibenik-meteo.hr\/wp-content\/uploads\/2024\/08\/IMG_3174-1024x768.jpeg\" alt=\"\" class=\"wp-image-6117\" width=\"450\" height=\"337\" srcset=\"https:\/\/sibenik-meteo.hr\/wp-content\/uploads\/2024\/08\/IMG_3174-1024x768.jpeg 1024w, https:\/\/sibenik-meteo.hr\/wp-content\/uploads\/2024\/08\/IMG_3174-300x225.jpeg 300w, https:\/\/sibenik-meteo.hr\/wp-content\/uploads\/2024\/08\/IMG_3174-768x576.jpeg 768w\" sizes=\"auto, (max-width: 450px) 100vw, 450px\" \/><\/figure><\/div>\n\n\n\n<h4 class=\"wp-block-heading\">Meteo sustavi za GLOBE mre\u017eu<\/h4>\n\n\n\n<p>Kroz sustav volontiranja cilj je uklju\u010diti u\u010denike koji \u0107e opremu koristiti i kroz svoj proces \u0161kolovanja. Time \u0107e u sklopu meteorolo\u0161kih grupa i uz asistenciju  profesora izmjerene vrijednosti obra\u0111ivati i razmjenjivati ih u sklopu svjetske Globe mre\u017ee \u010dime \u0107e se kod najmla\u0111e populacije poticati  interesi za znano\u0161\u0107u i \u0161iriti svijest o potrebi za\u0161tite okoli\u0161a u  vremenu sve o\u010ditijih promjena u klimi.<\/p>\n\n\n\n<p>U posljednjih nekoliko godina sudjelovali smo na brojnim projektima gdje smo razne tipove automatskih meteorolo\u0161kih postaja spojili na GLOBE server i time \u0161kolama omogu\u0107ili da svakodnevno jednom ili vi\u0161e puta u danu podatke po\u0161alju i razmjene sa ostalim korisnicima.<\/p>\n\n\n\n<div class=\"wp-block-image\"><figure class=\"aligncenter is-resized\"><img loading=\"lazy\" decoding=\"async\" src=\"https:\/\/sibenik-meteo.hr\/wp-content\/uploads\/2023\/06\/2D5C9A86-7823-4920-AF09-CE2337A8EDF6-1024x769.jpeg\" alt=\"\" class=\"wp-image-4625\" width=\"474\" height=\"355\" srcset=\"https:\/\/sibenik-meteo.hr\/wp-content\/uploads\/2023\/06\/2D5C9A86-7823-4920-AF09-CE2337A8EDF6-1024x769.jpeg 1024w, https:\/\/sibenik-meteo.hr\/wp-content\/uploads\/2023\/06\/2D5C9A86-7823-4920-AF09-CE2337A8EDF6-300x225.jpeg 300w, https:\/\/sibenik-meteo.hr\/wp-content\/uploads\/2023\/06\/2D5C9A86-7823-4920-AF09-CE2337A8EDF6-768x576.jpeg 768w, https:\/\/sibenik-meteo.hr\/wp-content\/uploads\/2023\/06\/2D5C9A86-7823-4920-AF09-CE2337A8EDF6.jpeg 1155w\" sizes=\"auto, (max-width: 474px) 100vw, 474px\" \/><\/figure><\/div>\n\n\n\n<h4 class=\"wp-block-heading\">Panoramske kamere<\/h4>\n\n\n\n<p>Panoramske kamere na lokaciji uz meteo postaju daju dodatnu percepciju korisniku o vremenskoj situaciji. Slika sa kamera se u intervalima od 1 do 5 minuta \u0161alje na server gdje se obra\u0111uje uz mogu\u0107nost implementiranja meteorolo\u0161kih podataka na nju.<\/p>\n\n\n\n<p>Dodatne mogu\u0107nosti su da se od prikupljenih slika kreiraju timelaps-ovi ili u\u017eivo emitiranje na dru\u0161tvenim mre\u017eama ili YouTube.<\/p>\n\n\n\n<div class=\"wp-block-image\"><figure class=\"aligncenter is-resized\"><img loading=\"lazy\" decoding=\"async\" src=\"https:\/\/sibenik-meteo.hr\/wp-content\/uploads\/2025\/05\/kijevo-meteo-1024x575.jpg\" alt=\"\" class=\"wp-image-6686\" width=\"484\" height=\"271\" srcset=\"https:\/\/sibenik-meteo.hr\/wp-content\/uploads\/2025\/05\/kijevo-meteo-1024x575.jpg 1024w, https:\/\/sibenik-meteo.hr\/wp-content\/uploads\/2025\/05\/kijevo-meteo-300x169.jpg 300w, https:\/\/sibenik-meteo.hr\/wp-content\/uploads\/2025\/05\/kijevo-meteo-768x431.jpg 768w, https:\/\/sibenik-meteo.hr\/wp-content\/uploads\/2025\/05\/kijevo-meteo.jpg 1200w\" sizes=\"auto, (max-width: 484px) 100vw, 484px\" \/><\/figure><\/div>\n","protected":false},"excerpt":{"rendered":"<p>\u0160ibenik Meteo posjeduje vi\u0161e od 13 godina iskustva u radu s automatskim meteorolo\u0161kim postajama, morskim&#8230;<\/p>\n","protected":false},"author":1,"featured_media":0,"parent":0,"menu_order":0,"comment_status":"closed","ping_status":"closed","template":"","meta":{"_monsterinsights_skip_tracking":false,"_monsterinsights_sitenote_active":false,"_monsterinsights_sitenote_note":"","_monsterinsights_sitenote_category":0,"footnotes":""},"class_list":["post-66","page","type-page","status-publish","hentry"],"_links":{"self":[{"href":"https:\/\/sibenik-meteo.hr\/index.php\/wp-json\/wp\/v2\/pages\/66","targetHints":{"allow":["GET"]}}],"collection":[{"href":"https:\/\/sibenik-meteo.hr\/index.php\/wp-json\/wp\/v2\/pages"}],"about":[{"href":"https:\/\/sibenik-meteo.hr\/index.php\/wp-json\/wp\/v2\/types\/page"}],"author":[{"embeddable":true,"href":"https:\/\/sibenik-meteo.hr\/index.php\/wp-json\/wp\/v2\/users\/1"}],"replies":[{"embeddable":true,"href":"https:\/\/sibenik-meteo.hr\/index.php\/wp-json\/wp\/v2\/comments?post=66"}],"version-history":[{"count":27,"href":"https:\/\/sibenik-meteo.hr\/index.php\/wp-json\/wp\/v2\/pages\/66\/revisions"}],"predecessor-version":[{"id":6688,"href":"https:\/\/sibenik-meteo.hr\/index.php\/wp-json\/wp\/v2\/pages\/66\/revisions\/6688"}],"wp:attachment":[{"href":"https:\/\/sibenik-meteo.hr\/index.php\/wp-json\/wp\/v2\/media?parent=66"}],"curies":[{"name":"wp","href":"https:\/\/api.w.org\/{rel}","templated":true}]}}