{"id":615,"date":"2020-04-05T14:41:19","date_gmt":"2020-04-05T12:41:19","guid":{"rendered":"http:\/\/sibenik-meteo.hr\/?page_id=615"},"modified":"2020-04-05T14:46:28","modified_gmt":"2020-04-05T12:46:28","slug":"upozorenje-sutra","status":"publish","type":"page","link":"https:\/\/sibenik-meteo.hr\/index.php\/upozorenje-sutra\/","title":{"rendered":"Upozorenje sutra"},"content":{"rendered":"<h3 style=\"color: blue; text-align: center;\">Upozorenja za sutra<\/h3><br><p><b>Kninska regija<\/p><\/b><br><p style=\"text-shadow: 2px 2px #f3ad29;\">\u017duto upozorenje za vjetar<\/p><br>Jako i olujno jugo. Najja\u010di udari vjetra 55-85 km\/h<br><br>  BUDITE NA OPREZU zbog krhotina koje lete no\u0161ene jakim vjetrom. Mogu\u0107i su lokalizirani prekidi u aktivnostima na otvorenom.\n\t\t<br><br><br><hr><br><br><br><p><b>Knin region<\/p><\/b><br><p style=\"text-shadow: 2px 2px #f3ad29;\">Yellow wind warning<\/p><br>Strong and gale force jugo (SE wind). Maximum gust speed 55-85 km\/h<br><br>  STAY ALERT for debris carried by strong winds. Debris and tree branches carried by the wind may cause localised interruptions in outdoor activities.\n\t\t<br><br><br><hr><br><br><br><p><b>Rije\u010dka regija<\/p><\/b><br><p style=\"text-shadow: 2px 2px #f3ad29;\">\u017duto upozorenje za vjetar<\/p><br>Jako i olujno jugo, lokalno podno Velebita olujni udari bure. Srednja brzina vjetra 40-55 km\/h; Najja\u010di udari vjetra 65-100 km\/h<br><br>  BUDITE NA OPREZU zbog krhotina koje lete no\u0161ene jakim vjetrom. Mogu\u0107i su lokalizirani prekidi u aktivnostima na otvorenom.\n\t\t<br><br><br><hr><br><br><br><p><b>Rijeka region<\/p><\/b><br><p style=\"text-shadow: 2px 2px #f3ad29;\">Yellow wind warning<\/p><br>Strong and gale force jugo (SE wind), locally gale force gusts of bura (NE wind) in Velebit region. Average wind speed 40-55 km\/h; Maximum gust speed 65-100 km\/h<br><br>  STAY ALERT for debris carried by strong winds. Debris and tree branches carried by the wind may cause localised interruptions in outdoor activities.\n\t\t<br><br><br><hr><br><br><br><p><b>Splitska regija<\/p><\/b><br><p style=\"text-shadow: 2px 2px #f3ad29;\">\u017duto upozorenje za vjetar<\/p><br>Jako i olujno jugo. Srednja brzina vjetra 45-65 km\/h; Najja\u010di udari vjetra 65-105 km\/h<br><br>  BUDITE NA OPREZU zbog krhotina koje lete no\u0161ene jakim vjetrom. Mogu\u0107i su lokalizirani prekidi u aktivnostima na otvorenom.\n\t\t<br><br><br><hr><br><br><br><p><b>Split region<\/p><\/b><br><p style=\"text-shadow: 2px 2px #f3ad29;\">Yellow wind warning<\/p><br>Strong and gale force jugo (SE wind). Average wind speed 45-65 km\/h; Maximum gust speed 65-105 km\/h<br><br>  STAY ALERT for debris carried by strong winds. Debris and tree branches carried by the wind may cause localised interruptions in outdoor activities.\n\t\t<br><br><br><hr><br><br><br><p><b>Dubrova\u010dka regija<\/p><\/b><br><p style=\"text-shadow: 2px 2px #f3ad29;\">\u017duto upozorenje za vjetar<\/p><br>Jako i olujno jugo. Srednja brzina vjetra 40-55 km\/h; Najja\u010di udari vjetra 65-90 km\/h<br><br>  BUDITE NA OPREZU zbog krhotina koje lete no\u0161ene jakim vjetrom. Mogu\u0107i su lokalizirani prekidi u aktivnostima na otvorenom.\n\t\t<br><br><br><hr><br><br><br><p><b>Dubrovnik region<\/p><\/b><br><p style=\"text-shadow: 2px 2px #f3ad29;\">Yellow wind warning<\/p><br>Strong and gale force jugo (SE wind). Average wind speed 40-55 km\/h; Maximum gust speed 65-90 km\/h<br><br>  STAY ALERT for debris carried by strong winds. Debris and tree branches carried by the wind may cause localised interruptions in outdoor activities.\n\t\t<br><br><br><hr><br><br><br><p><b>Zapadna obala Istre<\/p><\/b><br><p style=\"text-shadow: 2px 2px #f3ad29;\">\u017duto upozorenje za vjetar<\/p><br>Mjestimice jako jugo. Najja\u010di udari vjetra 35-40 \u010dvorova  (65-75 km\/h)<br><br>  \nUTJECAJ: Iako su uobi\u010dajene i \u010deste u ovoj regiji, o\u010dekuje se lokalno ili potencijalno opasne brzine vjetra koje uzrokuju valove rizi\u010dne za manja plovila.\nNeiskusni pomorci, posebno oni koji upravljaju manjim brodovima, trebali bi izbjegavati plovidbu u tim uvjetima i obratiti pozornost na pomorsku prognozu te pri planiranju razmotriti vjetar i uvjete na moru. Mogu\u0107e je da neki katamarani ne\u0107e ploviti pa ako putujete, pratite informacije o prometu.\n\t\t<br><br><br><hr><br><br><br><p><b>West Istrian coast<\/p><\/b><br><p style=\"text-shadow: 2px 2px #f3ad29;\">Yellow wind warning<\/p><br>Locally strong SE wind. Maximum wind gusts 35-40 knots (65-75 km\/h)<br><br>  IMPACT: Although rather usual in this region, locally or potentially dangerous wind speeds are expected to produce dangerous wave conditions to small crafts. Inexperienced mariners, especially those operating smaller vessels, should avoid navigating in these conditions.\nMariners should pay close attention to the marine forecast  and consider wind and sea conditions in planning. It is possible that some ferry lines will not operate so follow traffic information if travelling.\n\t\t<br><br><br><hr><br><br><br><p><b>Kvarner i Kvarneri\u0107<\/p><\/b><br><p style=\"text-shadow: 2px 2px #f3ad29;\">\u017duto upozorenje za vjetar<\/p><br>Jako, mjestimice vrlo jako jugo. Najja\u010di udari vjetra 35-45 \u010dvorova  (65-85 km\/h)<br><br>  \nUTJECAJ: Iako su uobi\u010dajene i \u010deste u ovoj regiji, o\u010dekuje se lokalno ili potencijalno opasne brzine vjetra koje uzrokuju valove rizi\u010dne za manja plovila.\nNeiskusni pomorci, posebno oni koji upravljaju manjim brodovima, trebali bi izbjegavati plovidbu u tim uvjetima i obratiti pozornost na pomorsku prognozu te pri planiranju razmotriti vjetar i uvjete na moru. Mogu\u0107e je da neki katamarani ne\u0107e ploviti pa ako putujete, pratite informacije o prometu.\n\t\t<br><br><br><hr><br><br><br><p><b>Kvarner i Kvarneric<\/p><\/b><br><p style=\"text-shadow: 2px 2px #f3ad29;\">Yellow wind warning<\/p><br>Strong, locally near gale SE wind. Maximum wind gusts 35-45 knots (65-85 km\/h)<br><br>  IMPACT: Although rather usual in this region, locally or potentially dangerous wind speeds are expected to produce dangerous wave conditions to small crafts. Inexperienced mariners, especially those operating smaller vessels, should avoid navigating in these conditions.\nMariners should pay close attention to the marine forecast  and consider wind and sea conditions in planning. It is possible that some ferry lines will not operate so follow traffic information if travelling.\n\t\t<br><br><br><hr><br><br><br><p><b>Velebitski kanal<\/p><\/b><br><p style=\"text-shadow: 2px 2px #f3ad29;\">\u017duto upozorenje za vjetar<\/p><br>Jako, ponegdje i vrlo jako jugo, na Senjskom podru\u010dju poja\u010dana do jaka bura. Najja\u010di udari vjetra 35-45 \u010dvorova  (65-85 km\/h)<br><br>  \nUTJECAJ: Iako su uobi\u010dajene i \u010deste u ovoj regiji, o\u010dekuje se lokalno ili potencijalno opasne brzine vjetra koje uzrokuju valove rizi\u010dne za manja plovila.\nNeiskusni pomorci, posebno oni koji upravljaju manjim brodovima, trebali bi izbjegavati plovidbu u tim uvjetima i obratiti pozornost na pomorsku prognozu te pri planiranju razmotriti vjetar i uvjete na moru. Mogu\u0107e je da neki katamarani ne\u0107e ploviti pa ako putujete, pratite informacije o prometu.\n\t\t<br><br><br><hr><br><br><br><p><b>Velebit channel<\/p><\/b><br><p style=\"text-shadow: 2px 2px #f3ad29;\">Yellow wind warning<\/p><br>Strong, locally near gale SE wind, on the Senj area fresh and strong NE wind. Maximum wind gusts 35-45 knots (65-85 km\/h)<br><br>  IMPACT: Although rather usual in this region, locally or potentially dangerous wind speeds are expected to produce dangerous wave conditions to small crafts. Inexperienced mariners, especially those operating smaller vessels, should avoid navigating in these conditions.\nMariners should pay close attention to the marine forecast  and consider wind and sea conditions in planning. It is possible that some ferry lines will not operate so follow traffic information if travelling.\n\t\t<br><br><br><hr><br><br><br><p><b>Sjeverna Dalmacija<\/p><\/b><br><p style=\"text-shadow: 2px 2px #f3ad29;\">\u017duto upozorenje za vjetar<\/p><br>Jako, mjestimice vrlo jako jugo. Najja\u010di udari vjetra 35-45 \u010dvorova  (65-85 km\/h)<br><br>  \nUTJECAJ: Iako su uobi\u010dajene i \u010deste u ovoj regiji, o\u010dekuje se lokalno ili potencijalno opasne brzine vjetra koje uzrokuju valove rizi\u010dne za manja plovila.\nNeiskusni pomorci, posebno oni koji upravljaju manjim brodovima, trebali bi izbjegavati plovidbu u tim uvjetima i obratiti pozornost na pomorsku prognozu te pri planiranju razmotriti vjetar i uvjete na moru. Mogu\u0107e je da neki katamarani ne\u0107e ploviti pa ako putujete, pratite informacije o prometu.\n\t\t<br><br><br><hr><br><br><br><p><b>North Dalmatia region<\/p><\/b><br><p style=\"text-shadow: 2px 2px #f3ad29;\">Yellow wind warning<\/p><br>Strong, locally near gale SE wind. Maximum wind gusts 35-45 knots (65-85 km\/h)<br><br>  IMPACT: Although rather usual in this region, locally or potentially dangerous wind speeds are expected to produce dangerous wave conditions to small crafts. Inexperienced mariners, especially those operating smaller vessels, should avoid navigating in these conditions.\nMariners should pay close attention to the marine forecast  and consider wind and sea conditions in planning. It is possible that some ferry lines will not operate so follow traffic information if travelling.\n\t\t<br><br><br><hr><br><br><br><p><b>Srednja Dalmacija<\/p><\/b><br><p style=\"text-shadow: 2px 2px #f3ad29;\">\u017duto upozorenje za vjetar<\/p><br>Jako, ponegdje i vrlo jako jugo. Najja\u010di udari vjetra 35-45 \u010dvorova  (65-85 km\/h)<br><br>  \nUTJECAJ: Iako su uobi\u010dajene i \u010deste u ovoj regiji, o\u010dekuje se lokalno ili potencijalno opasne brzine vjetra koje uzrokuju valove rizi\u010dne za manja plovila.\nNeiskusni pomorci, posebno oni koji upravljaju manjim brodovima, trebali bi izbjegavati plovidbu u tim uvjetima i obratiti pozornost na pomorsku prognozu te pri planiranju razmotriti vjetar i uvjete na moru. Mogu\u0107e je da neki katamarani ne\u0107e ploviti pa ako putujete, pratite informacije o prometu.\n\t\t<br><br><br><hr><br><br><br><p><b>Middle Dalmatia region<\/p><\/b><br><p style=\"text-shadow: 2px 2px #f3ad29;\">Yellow wind warning<\/p><br>Strong, locally near gale SE wind. Maximum wind gusts 35-45 knots (65-85 km\/h)<br><br>  IMPACT: Although rather usual in this region, locally or potentially dangerous wind speeds are expected to produce dangerous wave conditions to small crafts. Inexperienced mariners, especially those operating smaller vessels, should avoid navigating in these conditions.\nMariners should pay close attention to the marine forecast  and consider wind and sea conditions in planning. It is possible that some ferry lines will not operate so follow traffic information if travelling.\n\t\t<br><br><br><hr><br><br><br><p><b>Ju\u017ena Dalmacija<\/p><\/b><br><p style=\"text-shadow: 2px 2px #f3ad29;\">\u017duto upozorenje za vjetar<\/p><br>Jako, ponegdje i vrlo jako jugo. Najja\u010di udari vjetra 35-45 \u010dvorova  (65-85 km\/h)<br><br>  \nUTJECAJ: Iako su uobi\u010dajene i \u010deste u ovoj regiji, o\u010dekuje se lokalno ili potencijalno opasne brzine vjetra koje uzrokuju valove rizi\u010dne za manja plovila.\nNeiskusni pomorci, posebno oni koji upravljaju manjim brodovima, trebali bi izbjegavati plovidbu u tim uvjetima i obratiti pozornost na pomorsku prognozu te pri planiranju razmotriti vjetar i uvjete na moru. Mogu\u0107e je da neki katamarani ne\u0107e ploviti pa ako putujete, pratite informacije o prometu.\n\t\t<br><br><br><hr><br><br><br><p><b>South Dalmatia region<\/p><\/b><br><p style=\"text-shadow: 2px 2px #f3ad29;\">Yellow wind warning<\/p><br>Strong, locally near gale SE wind. Maximum wind gusts 35-45 knots (65-85 km\/h)<br><br>  IMPACT: Although rather usual in this region, locally or potentially dangerous wind speeds are expected to produce dangerous wave conditions to small crafts. Inexperienced mariners, especially those operating smaller vessels, should avoid navigating in these conditions.\nMariners should pay close attention to the marine forecast  and consider wind and sea conditions in planning. It is possible that some ferry lines will not operate so follow traffic information if travelling.\n\t\t<br><br><br><hr><br><br><br><a href=\"https:\/\/meteo.hr\/\" target=\"_blank\"><small style=\"color: blue; text-align: center; float: right;\" >Izvor: DHMZ<\/small><\/a>\n","protected":false},"excerpt":{"rendered":"","protected":false},"author":1,"featured_media":0,"parent":0,"menu_order":0,"comment_status":"closed","ping_status":"closed","template":"","meta":{"_monsterinsights_skip_tracking":false,"_monsterinsights_sitenote_active":false,"_monsterinsights_sitenote_note":"","_monsterinsights_sitenote_category":0,"footnotes":""},"class_list":["post-615","page","type-page","status-publish","hentry"],"_links":{"self":[{"href":"https:\/\/sibenik-meteo.hr\/index.php\/wp-json\/wp\/v2\/pages\/615","targetHints":{"allow":["GET"]}}],"collection":[{"href":"https:\/\/sibenik-meteo.hr\/index.php\/wp-json\/wp\/v2\/pages"}],"about":[{"href":"https:\/\/sibenik-meteo.hr\/index.php\/wp-json\/wp\/v2\/types\/page"}],"author":[{"embeddable":true,"href":"https:\/\/sibenik-meteo.hr\/index.php\/wp-json\/wp\/v2\/users\/1"}],"replies":[{"embeddable":true,"href":"https:\/\/sibenik-meteo.hr\/index.php\/wp-json\/wp\/v2\/comments?post=615"}],"version-history":[{"count":2,"href":"https:\/\/sibenik-meteo.hr\/index.php\/wp-json\/wp\/v2\/pages\/615\/revisions"}],"predecessor-version":[{"id":620,"href":"https:\/\/sibenik-meteo.hr\/index.php\/wp-json\/wp\/v2\/pages\/615\/revisions\/620"}],"wp:attachment":[{"href":"https:\/\/sibenik-meteo.hr\/index.php\/wp-json\/wp\/v2\/media?parent=615"}],"curies":[{"name":"wp","href":"https:\/\/api.w.org\/{rel}","templated":true}]}}