{"id":613,"date":"2020-04-05T14:40:44","date_gmt":"2020-04-05T12:40:44","guid":{"rendered":"http:\/\/sibenik-meteo.hr\/?page_id=613"},"modified":"2020-04-05T14:45:45","modified_gmt":"2020-04-05T12:45:45","slug":"upozoronje-danas","status":"publish","type":"page","link":"https:\/\/sibenik-meteo.hr\/index.php\/upozoronje-danas\/","title":{"rendered":"Upozoronje danas"},"content":{"rendered":"<h3 style=\"color: blue; text-align: center;\">Upozorenja za danas<\/h3><br><p><b>Rije\u010dka regija<\/p><\/b><br><p style=\"text-shadow: 2px 2px #f3ad29;\">\u017duto upozorenje za vjetar<\/p><br>Nave\u010der i u no\u0107i pod ju\u017enim Velebitom olujni udari bure. Najja\u010di udari vjetra 65-100 km\/h<br><br>  BUDITE NA OPREZU zbog krhotina koje lete no\u0161ene jakim vjetrom. Mogu\u0107i su lokalizirani prekidi u aktivnostima na otvorenom.\n\t\t<br><br><br><hr><br><br><br><p><b>Rijeka region<\/p><\/b><br><p style=\"text-shadow: 2px 2px #f3ad29;\">Yellow wind warning<\/p><br>Locally gale force gusts of bura (NE wind) in the evening and at night. Maximum gust speed 65-100 km\/h<br><br>  STAY ALERT for debris carried by strong winds. Debris and tree branches carried by the wind may cause localised interruptions in outdoor activities.\n\t\t<br><br><br><hr><br><br><br><p><b>Zapadna obala Istre<\/p><\/b><br><p style=\"text-shadow: 2px 2px #f3ad29;\">\u017duto upozorenje za vjetar<\/p><br>Mjestimice poja\u010dana bura. Najja\u010di udari vjetra 35-40 \u010dvorova  (65-75 km\/h)<br><br>  \nUTJECAJ: Iako su uobi\u010dajene i \u010deste u ovoj regiji, o\u010dekuje se lokalno ili potencijalno opasne brzine vjetra koje uzrokuju valove rizi\u010dne za manja plovila.\nNeiskusni pomorci, posebno oni koji upravljaju manjim brodovima, trebali bi izbjegavati plovidbu u tim uvjetima i obratiti pozornost na pomorsku prognozu te pri planiranju razmotriti vjetar i uvjete na moru. Mogu\u0107e je da neki katamarani ne\u0107e ploviti pa ako putujete, pratite informacije o prometu.\n\t\t<br><br><br><hr><br><br><br><p><b>West Istrian coast<\/p><\/b><br><p style=\"text-shadow: 2px 2px #f3ad29;\">Yellow wind warning<\/p><br>Locally fresh NE wind. Maximum wind gusts 35-40 knots (65-75 km\/h)<br><br>  IMPACT: Although rather usual in this region, locally or potentially dangerous wind speeds are expected to produce dangerous wave conditions to small crafts. Inexperienced mariners, especially those operating smaller vessels, should avoid navigating in these conditions.\nMariners should pay close attention to the marine forecast  and consider wind and sea conditions in planning. It is possible that some ferry lines will not operate so follow traffic information if travelling.\n\t\t<br><br><br><hr><br><br><br><p><b>Kvarner i Kvarneri\u0107<\/p><\/b><br><p style=\"text-shadow: 2px 2px #f3ad29;\">\u017duto upozorenje za vjetar<\/p><br>Mjestimice poja\u010dana, u Kvarneri\u0107u jaka bura. Najja\u010di udari vjetra 35-50 \u010dvorova  (65-95 km\/h)<br><br>  \nUTJECAJ: Iako su uobi\u010dajene i \u010deste u ovoj regiji, o\u010dekuje se lokalno ili potencijalno opasne brzine vjetra koje uzrokuju valove rizi\u010dne za manja plovila.\nNeiskusni pomorci, posebno oni koji upravljaju manjim brodovima, trebali bi izbjegavati plovidbu u tim uvjetima i obratiti pozornost na pomorsku prognozu te pri planiranju razmotriti vjetar i uvjete na moru. Mogu\u0107e je da neki katamarani ne\u0107e ploviti pa ako putujete, pratite informacije o prometu.\n\t\t<br><br><br><hr><br><br><br><p><b>Kvarner i Kvarneric<\/p><\/b><br><p style=\"text-shadow: 2px 2px #f3ad29;\">Yellow wind warning<\/p><br>Locally fresh, in Kvarneri\u0107 strong NE wind. Maximum wind gusts 35-50 knot (65-95 km\/h)<br><br>  IMPACT: Although rather usual in this region, locally or potentially dangerous wind speeds are expected to produce dangerous wave conditions to small crafts. Inexperienced mariners, especially those operating smaller vessels, should avoid navigating in these conditions.\nMariners should pay close attention to the marine forecast  and consider wind and sea conditions in planning. It is possible that some ferry lines will not operate so follow traffic information if travelling.\n\t\t<br><br><br><hr><br><br><br><p><b>Velebitski kanal<\/p><\/b><br><p style=\"text-shadow: 2px 2px #f3ad29;\">\u017duto upozorenje za vjetar<\/p><br>Jaka, mjestimice vrlo jaka bura. Najja\u010di udari vjetra 35-60 \u010dvorova  (65-110 km\/h)<br><br>  \nUTJECAJ: Iako su uobi\u010dajene i \u010deste u ovoj regiji, o\u010dekuje se lokalno ili potencijalno opasne brzine vjetra koje uzrokuju valove rizi\u010dne za manja plovila.\nNeiskusni pomorci, posebno oni koji upravljaju manjim brodovima, trebali bi izbjegavati plovidbu u tim uvjetima i obratiti pozornost na pomorsku prognozu te pri planiranju razmotriti vjetar i uvjete na moru. Mogu\u0107e je da neki katamarani ne\u0107e ploviti pa ako putujete, pratite informacije o prometu.\n\t\t<br><br><br><hr><br><br><br><p><b>Velebit channel<\/p><\/b><br><p style=\"text-shadow: 2px 2px #f3ad29;\">Yellow wind warning<\/p><br>Strong, locally near gale NE wind. Maximum wind gusts 35-60 knots (65-110 km\/h)<br><br>  IMPACT: Although rather usual in this region, locally or potentially dangerous wind speeds are expected to produce dangerous wave conditions to small crafts. Inexperienced mariners, especially those operating smaller vessels, should avoid navigating in these conditions.\nMariners should pay close attention to the marine forecast  and consider wind and sea conditions in planning. It is possible that some ferry lines will not operate so follow traffic information if travelling.\n\t\t<br><br><br><hr><br><br><br><p><b>Sjeverna Dalmacija<\/p><\/b><br><p style=\"text-shadow: 2px 2px #f3ad29;\">\u017duto upozorenje za vjetar<\/p><br>Mjestimice poja\u010dana bura. Najja\u010di udari vjetra 35-40 \u010dvorova  (65-75 km\/h)<br><br>  \nUTJECAJ: Iako su uobi\u010dajene i \u010deste u ovoj regiji, o\u010dekuje se lokalno ili potencijalno opasne brzine vjetra koje uzrokuju valove rizi\u010dne za manja plovila.\nNeiskusni pomorci, posebno oni koji upravljaju manjim brodovima, trebali bi izbjegavati plovidbu u tim uvjetima i obratiti pozornost na pomorsku prognozu te pri planiranju razmotriti vjetar i uvjete na moru. Mogu\u0107e je da neki katamarani ne\u0107e ploviti pa ako putujete, pratite informacije o prometu.\n\t\t<br><br><br><hr><br><br><br><p><b>North Dalmatia region<\/p><\/b><br><p style=\"text-shadow: 2px 2px #f3ad29;\">Yellow wind warning<\/p><br>Locally fresh NE wind. Maximum wind gusts 35-40 knots (65-75 km\/h)<br><br>  IMPACT: Although rather usual in this region, locally or potentially dangerous wind speeds are expected to produce dangerous wave conditions to small crafts. Inexperienced mariners, especially those operating smaller vessels, should avoid navigating in these conditions.\nMariners should pay close attention to the marine forecast  and consider wind and sea conditions in planning. It is possible that some ferry lines will not operate so follow traffic information if travelling.\n\t\t<br><br><br><hr><br><br><br><p><b>Srednja Dalmacija<\/p><\/b><br><p style=\"text-shadow: 2px 2px #f3ad29;\">\u017duto upozorenje za vjetar<\/p><br>Poja\u010dana, ujutro i nave\u010der mjestimice jaka bura. Najja\u010di udari vjetra 35-50 \u010dvorova  (65-95 km\/h)<br><br>  \nUTJECAJ: Iako su uobi\u010dajene i \u010deste u ovoj regiji, o\u010dekuje se lokalno ili potencijalno opasne brzine vjetra koje uzrokuju valove rizi\u010dne za manja plovila.\nNeiskusni pomorci, posebno oni koji upravljaju manjim brodovima, trebali bi izbjegavati plovidbu u tim uvjetima i obratiti pozornost na pomorsku prognozu te pri planiranju razmotriti vjetar i uvjete na moru. Mogu\u0107e je da neki katamarani ne\u0107e ploviti pa ako putujete, pratite informacije o prometu.\n\t\t<br><br><br><hr><br><br><br><p><b>Middle Dalmatia region<\/p><\/b><br><p style=\"text-shadow: 2px 2px #f3ad29;\">Yellow wind warning<\/p><br>Fresh, during the morning and evening locally strong NE wind. Maximum wind gusts 35-50 knots (65-95 km\/h)<br><br>  IMPACT: Although rather usual in this region, locally or potentially dangerous wind speeds are expected to produce dangerous wave conditions to small crafts. Inexperienced mariners, especially those operating smaller vessels, should avoid navigating in these conditions.\nMariners should pay close attention to the marine forecast  and consider wind and sea conditions in planning. It is possible that some ferry lines will not operate so follow traffic information if travelling.\n\t\t<br><br><br><hr><br><br><br><p><b>Ju\u017ena Dalmacija<\/p><\/b><br><p style=\"text-shadow: 2px 2px #f3ad29;\">\u017duto upozorenje za vjetar<\/p><br>Poja\u010dana, nave\u010der mjestimice jaka bura. Najja\u010di udari vjetra 35-45 \u010dvorova  (65-85 km\/h)<br><br>  \nUTJECAJ: Iako su uobi\u010dajene i \u010deste u ovoj regiji, o\u010dekuje se lokalno ili potencijalno opasne brzine vjetra koje uzrokuju valove rizi\u010dne za manja plovila.\nNeiskusni pomorci, posebno oni koji upravljaju manjim brodovima, trebali bi izbjegavati plovidbu u tim uvjetima i obratiti pozornost na pomorsku prognozu te pri planiranju razmotriti vjetar i uvjete na moru. Mogu\u0107e je da neki katamarani ne\u0107e ploviti pa ako putujete, pratite informacije o prometu.\n\t\t<br><br><br><hr><br><br><br><p><b>South Dalmatia region<\/p><\/b><br><p style=\"text-shadow: 2px 2px #f3ad29;\">Yellow wind warning<\/p><br>Fresh, in the evening locally strong NE wind. Maximum wind gusts 35-45 knots (65-85 km\/h)<br><br>  IMPACT: Although rather usual in this region, locally or potentially dangerous wind speeds are expected to produce dangerous wave conditions to small crafts. Inexperienced mariners, especially those operating smaller vessels, should avoid navigating in these conditions.\nMariners should pay close attention to the marine forecast  and consider wind and sea conditions in planning. It is possible that some ferry lines will not operate so follow traffic information if travelling.\n\t\t<br><br><br><hr><br><br><br><a href=\"https:\/\/meteo.hr\/\" target=\"_blank\"><small style=\"color: blue; text-align: center; float: right;\" >Izvor: DHMZ<\/small><\/a>\n","protected":false},"excerpt":{"rendered":"","protected":false},"author":1,"featured_media":0,"parent":0,"menu_order":0,"comment_status":"closed","ping_status":"closed","template":"","meta":{"_monsterinsights_skip_tracking":false,"_monsterinsights_sitenote_active":false,"_monsterinsights_sitenote_note":"","_monsterinsights_sitenote_category":0,"footnotes":""},"class_list":["post-613","page","type-page","status-publish","hentry"],"_links":{"self":[{"href":"https:\/\/sibenik-meteo.hr\/index.php\/wp-json\/wp\/v2\/pages\/613","targetHints":{"allow":["GET"]}}],"collection":[{"href":"https:\/\/sibenik-meteo.hr\/index.php\/wp-json\/wp\/v2\/pages"}],"about":[{"href":"https:\/\/sibenik-meteo.hr\/index.php\/wp-json\/wp\/v2\/types\/page"}],"author":[{"embeddable":true,"href":"https:\/\/sibenik-meteo.hr\/index.php\/wp-json\/wp\/v2\/users\/1"}],"replies":[{"embeddable":true,"href":"https:\/\/sibenik-meteo.hr\/index.php\/wp-json\/wp\/v2\/comments?post=613"}],"version-history":[{"count":2,"href":"https:\/\/sibenik-meteo.hr\/index.php\/wp-json\/wp\/v2\/pages\/613\/revisions"}],"predecessor-version":[{"id":619,"href":"https:\/\/sibenik-meteo.hr\/index.php\/wp-json\/wp\/v2\/pages\/613\/revisions\/619"}],"wp:attachment":[{"href":"https:\/\/sibenik-meteo.hr\/index.php\/wp-json\/wp\/v2\/media?parent=613"}],"curies":[{"name":"wp","href":"https:\/\/api.w.org\/{rel}","templated":true}]}}