{"id":570,"date":"2020-04-04T08:29:05","date_gmt":"2020-04-04T06:29:05","guid":{"rendered":"http:\/\/sibenik-meteo.hr\/?page_id=570"},"modified":"2020-04-05T08:00:15","modified_gmt":"2020-04-05T06:00:15","slug":"hrvatska-tri-dana","status":"publish","type":"page","link":"https:\/\/sibenik-meteo.hr\/index.php\/hrvatska-tri-dana\/","title":{"rendered":"Hrvatska tri dana"},"content":{"rendered":"<h3 style=\"color: blue; text-align: center;\">Izgledi vremena<\/h3><br>U po\u010detku promjenljivo, osobito u prvom dijelu dana u srijedu u unutra\u0161njosti i prete\u017eno obla\u010dno, mjestimice s ki\u0161om, \u010de\u0161\u0107e na Jadranu i uz njega gdje su mogu\u0107i i lokalni pljuskovi pra\u0107eni grmljavinom. Poslijepodne na Jadranu smanjenje naoblake i zatim prete\u017eno sun\u010dano i ve\u0107inom suho. U unutra\u0161njosti \u010detvrtak i petak barem djelomice sun\u010dano, ali ne posve stabilno, kratkotrajna ki\u0161a ili poneki pljusak mogu\u0107 je uglavnom sredinom dana i poslijepodne. Puhat \u0107e slab do umjeren sjeveroisto\u010dni vjetar. Na Jadranu slaba i umjerena bura i sjeverozapadni vjetar, u petak \u0107e podno Velebita bura prolazno biti i jaka, a jo\u0161 u prvom dijelu srijede u Dalmaciji mjestimice umjeren do jak isto\u010dni vjetar i jugo. Jutarnja temperatura zraka bez znatnije promjene, najvi\u0161a dnevna u postupno porastu.<br><a href=\"https:\/\/meteo.hr\/\" target=\"_blank\"><small style=\"color: blue; text-align: center; float: right;\" >Izvor: DHMZ<\/small><\/a><br><br><br>\n\n\n<iframe src=\"https:\/\/sibenik-meteo.hr\/portal\/web\/dhmz\/karta\/karta_izgledi_vremena_1.php\" border=\"0\" cellspacing=\"0\" style=\"border-style: none; width: 220px; height:220px; text-align: center;\" frameborder=\"0\"><\/iframe>\n\n\n<iframe src=\"https:\/\/sibenik-meteo.hr\/portal\/web\/dhmz\/karta\/karta_izgledi_vremena_2.php\" border=\"0\" cellspacing=\"0\" style=\"border-style: none; width: 220px; height:220px; text-align: center;\" frameborder=\"0\"><\/iframe>\n\n\n<iframe src=\"https:\/\/sibenik-meteo.hr\/portal\/web\/dhmz\/karta\/karta_izgledi_vremena_3.php\" border=\"0\" cellspacing=\"0\" style=\"border-style: none; width: 220px; height:220px; text-align: center;\" frameborder=\"0\"><\/iframe>\n","protected":false},"excerpt":{"rendered":"","protected":false},"author":1,"featured_media":0,"parent":0,"menu_order":0,"comment_status":"closed","ping_status":"closed","template":"","meta":{"_monsterinsights_skip_tracking":false,"_monsterinsights_sitenote_active":false,"_monsterinsights_sitenote_note":"","_monsterinsights_sitenote_category":0,"footnotes":""},"class_list":["post-570","page","type-page","status-publish","hentry"],"_links":{"self":[{"href":"https:\/\/sibenik-meteo.hr\/index.php\/wp-json\/wp\/v2\/pages\/570","targetHints":{"allow":["GET"]}}],"collection":[{"href":"https:\/\/sibenik-meteo.hr\/index.php\/wp-json\/wp\/v2\/pages"}],"about":[{"href":"https:\/\/sibenik-meteo.hr\/index.php\/wp-json\/wp\/v2\/types\/page"}],"author":[{"embeddable":true,"href":"https:\/\/sibenik-meteo.hr\/index.php\/wp-json\/wp\/v2\/users\/1"}],"replies":[{"embeddable":true,"href":"https:\/\/sibenik-meteo.hr\/index.php\/wp-json\/wp\/v2\/comments?post=570"}],"version-history":[{"count":5,"href":"https:\/\/sibenik-meteo.hr\/index.php\/wp-json\/wp\/v2\/pages\/570\/revisions"}],"predecessor-version":[{"id":591,"href":"https:\/\/sibenik-meteo.hr\/index.php\/wp-json\/wp\/v2\/pages\/570\/revisions\/591"}],"wp:attachment":[{"href":"https:\/\/sibenik-meteo.hr\/index.php\/wp-json\/wp\/v2\/media?parent=570"}],"curies":[{"name":"wp","href":"https:\/\/api.w.org\/{rel}","templated":true}]}}