{"id":5375,"date":"2024-01-31T11:41:27","date_gmt":"2024-01-31T10:41:27","guid":{"rendered":"https:\/\/sibenik-meteo.hr\/?page_id=5375"},"modified":"2025-10-11T09:18:51","modified_gmt":"2025-10-11T07:18:51","slug":"kvaliteta-zraka-air-quality","status":"publish","type":"page","link":"https:\/\/sibenik-meteo.hr\/index.php\/kvaliteta-zraka-air-quality\/","title":{"rendered":"Kvaliteta zraka &#8211; Air quality"},"content":{"rendered":"\n<iframe loading=\"lazy\" \u201calign=\"center\u201d\" src=\"https:\/\/www.weatherlink.com\/embeddablePage\/show\/d6b6c7024db541be950cfe79e1171d37\/airLink\" width=\"400\" height=\"430\" frameborder=\"0\"><\/iframe>\n\n\n\n<iframe loading=\"lazy\" \u201calign=\"center\u201d\" src=\"https:\/\/www.weatherlink.com\/embeddablePage\/show\/717199683c284e66ba832390dbc9fb0b\/airLink\" width=\"400\" height=\"430\" frameborder=\"0\"><\/iframe>\n\n\n\n<iframe loading=\"lazy\" \u201calign=\"center\u201d\" src=\"https:\/\/www.weatherlink.com\/embeddablePage\/show\/897f599076eb4694acc0cdb21aded49a\/airLink\" width=\"400\" height=\"430\" frameborder=\"0\"><\/iframe>\n\n\n\n<iframe loading=\"lazy\" \u201calign=\"center\u201d\" src=\"https:\/\/www.weatherlink.com\/embeddablePage\/show\/563fc919ae394b9eb92e4652a8418296\/airLink\" width=\"400\" height=\"430\" frameborder=\"0\"><\/iframe>\n\n\n\n<iframe loading=\"lazy\" \u201calign=\"center\u201d\" src=\"https:\/\/www.weatherlink.com\/embeddablePage\/show\/ca42796ece0041e18c95c2ee501f84be\/airLink\" width=\"400\" height=\"430\" frameborder=\"0\"><\/iframe>\n\n\n\n<iframe loading=\"lazy\" \u201calign=\"center\u201d\" src=\"https:\/\/www.weatherlink.com\/embeddablePage\/show\/ff04b391118f41d1bb0a3dd37c8cc167\/airLink\" width=\"400\" height=\"430\" frameborder=\"0\"><\/iframe>\n\n\n\n<iframe loading=\"lazy\" \u201calign=\"center\u201d\" src=\"https:\/\/www.weatherlink.com\/embeddablePage\/show\/97ba44ac58114349982a3c005993e1e4\/airLink\" width=\"400\" height=\"430\" frameborder=\"0\"><\/iframe>\n\n\n\n<div class=\"wp-block-image\"><figure class=\"aligncenter\"><img loading=\"lazy\" decoding=\"async\" width=\"406\" height=\"60\" src=\"https:\/\/sibenik-meteo.hr\/wp-content\/uploads\/2024\/02\/Screenshot-2024-02-01-at-07-47-11-AirLink-Air-Quality-Monitor-by-Davis-Instruments-SKU-7210.png\" alt=\"\" class=\"wp-image-5392\" srcset=\"https:\/\/sibenik-meteo.hr\/wp-content\/uploads\/2024\/02\/Screenshot-2024-02-01-at-07-47-11-AirLink-Air-Quality-Monitor-by-Davis-Instruments-SKU-7210.png 406w, https:\/\/sibenik-meteo.hr\/wp-content\/uploads\/2024\/02\/Screenshot-2024-02-01-at-07-47-11-AirLink-Air-Quality-Monitor-by-Davis-Instruments-SKU-7210-300x44.png 300w, https:\/\/sibenik-meteo.hr\/wp-content\/uploads\/2024\/02\/Screenshot-2024-02-01-at-07-47-11-AirLink-Air-Quality-Monitor-by-Davis-Instruments-SKU-7210-400x60.png 400w\" sizes=\"auto, (max-width: 406px) 100vw, 406px\" \/><figcaption>Senzori odobreni od strane ameri\u010dke agencije AQMD<\/figcaption><\/figure><\/div>\n\n\n\n<h2 class=\"wp-block-heading\">Metodologija<\/h2>\n\n\n\n<p>Kvaliteta zraka dobivena je mjerenjem prosje\u010dne koli\u010dine lebde\u0107ih \u010destica u zraku &#8211; PM 2.5, prema standardu EU EEA. <\/p>\n\n\n\n<table class=\"wp-block-table aligncenter\"><thead><tr><th>Dobro<\/th><th>Prihvatljivo<\/th><th>Umjereno<\/th><\/tr><tr><td>Good<\/td><td>      Fair<\/td><td>Moderate<br><\/td><\/tr><tr><td>0 &#8211; 10<\/td><td>    10 &#8211; 20<\/td><td>   20 &#8211; 25<\/td><\/tr><\/thead><\/table>\n\n\n\n<table class=\"wp-block-table aligncenter\"><thead><tr><th> Lo\u0161e <\/th><th> Vrlo lo\u0161e <\/th><th> Izuzetno lo\u0161e <\/th><\/tr><tr><td> Poor <\/td><td> Very poor <\/td><td> Extremely poor <br><\/td><\/tr><tr><td> 25 \u2013 50 <\/td><td>    50 \u2013 75 <\/td><td>          &gt;75 <\/td><\/tr><\/thead><\/table>\n\n\n\n<h2 class=\"wp-block-heading\">Zdravstvene poruke<\/h2>\n\n\n\n<table class=\"wp-block-table aligncenter\"><thead><tr><th><br>AQI<br>                  <br><\/th><th>Op\u0107a populacija<\/th><\/tr><\/thead><tbody><tr><td>  0-10<\/td><td>Kvaliteta zraka je dobra. <br>U\u017eivajte u svojim svakodnevnim <br>aktivnostima na otvorenom.<\/td><\/tr><tr><td> 10-20<\/td><td>U\u017eivajte u svojim svakodnevnim <br>aktivnostima na otvorenom.<\/td><\/tr><tr><td> 20-25<\/td><td>U\u017eivajte u svojim svakodnevnim <br>aktivnostima na otvorenom.<\/td><\/tr><tr><td> 25-50<\/td><td>Razmislite o smanjenju <br>intenzivnih aktivnosti na <br>otvorenom ukoliko <br>osjetite simptome poput <br>nadra\u017eaja o\u010diju, ka\u0161lja ili <br>grlobolje.<\/td><\/tr><tr><td> 50-75<\/td><td>Razmislite o smanjenju <br>intenzivnih aktivnosti na <br>otvorenom ako osjetite <br>simptome poput <br>nadra\u017eaja o\u010diju, ka\u0161lja ili <br>grlobolje.<\/td><\/tr><tr><td>  &gt;75<\/td><td>Smanjite fizi\u010dke <br>aktivnosti <br>na otvorenom.<\/td><\/tr><\/tbody><\/table>\n\n\n\n<table class=\"wp-block-table aligncenter\"><thead><tr><th>AQI<br>                  <br><\/th><th> Osjetljive skupine gra\u0111ana <\/th><\/tr><\/thead><tbody><tr><td>  0-10<\/td><td>Kvaliteta zraka je dobra. <br>U\u017eivajte u svojim <br>svakodnevnim <br>aktivnostima na otvorenom. <\/td><\/tr><tr><td> 10-20<\/td><td>U\u017eivajte u svojim svakodnevnim <br>aktivnostima na otvorenom.<\/td><\/tr><tr><td> 20-25<\/td><td> Razmislite o smanjenju <br>intenzivnih aktivnosti na <br>otvorenom, ukoliko <br>osjetite simptome. <\/td><\/tr><tr><td> 25-50<\/td><td> Razmislite o smanjenju <br>tjelesnih aktivnosti, osobito <br>na otvorenom, <br>posebno ukoliko osjetite <br>simptome. <\/td><\/tr><tr><td> 50-75<\/td><td> Smanjite fizi\u010dke aktivnosti, <br>osobito na otvorenom, <br>posebno ukoliko osjetite simptome. <\/td><\/tr><tr><td>  &gt;75<\/td><td> Izbjegavajte fizi\u010dke aktivnosti <br> na otvorenom. <\/td><\/tr><\/tbody><\/table>\n\n\n\n<p>Projekt sufinanciran sredstvima HEP-a, \u0160ibensko-kninske \u017eupanije i Grada \u0160ibenika<\/p>\n","protected":false},"excerpt":{"rendered":"<p>Metodologija Kvaliteta zraka dobivena je mjerenjem prosje\u010dne koli\u010dine lebde\u0107ih \u010destica u zraku &#8211; PM 2.5,&#8230;<\/p>\n","protected":false},"author":1,"featured_media":0,"parent":0,"menu_order":0,"comment_status":"closed","ping_status":"closed","template":"","meta":{"_monsterinsights_skip_tracking":false,"_monsterinsights_sitenote_active":false,"_monsterinsights_sitenote_note":"","_monsterinsights_sitenote_category":0,"footnotes":""},"class_list":["post-5375","page","type-page","status-publish","hentry"],"_links":{"self":[{"href":"https:\/\/sibenik-meteo.hr\/index.php\/wp-json\/wp\/v2\/pages\/5375","targetHints":{"allow":["GET"]}}],"collection":[{"href":"https:\/\/sibenik-meteo.hr\/index.php\/wp-json\/wp\/v2\/pages"}],"about":[{"href":"https:\/\/sibenik-meteo.hr\/index.php\/wp-json\/wp\/v2\/types\/page"}],"author":[{"embeddable":true,"href":"https:\/\/sibenik-meteo.hr\/index.php\/wp-json\/wp\/v2\/users\/1"}],"replies":[{"embeddable":true,"href":"https:\/\/sibenik-meteo.hr\/index.php\/wp-json\/wp\/v2\/comments?post=5375"}],"version-history":[{"count":27,"href":"https:\/\/sibenik-meteo.hr\/index.php\/wp-json\/wp\/v2\/pages\/5375\/revisions"}],"predecessor-version":[{"id":7173,"href":"https:\/\/sibenik-meteo.hr\/index.php\/wp-json\/wp\/v2\/pages\/5375\/revisions\/7173"}],"wp:attachment":[{"href":"https:\/\/sibenik-meteo.hr\/index.php\/wp-json\/wp\/v2\/media?parent=5375"}],"curies":[{"name":"wp","href":"https:\/\/api.w.org\/{rel}","templated":true}]}}