{"id":507,"date":"2020-04-03T11:46:11","date_gmt":"2020-04-03T09:46:11","guid":{"rendered":"http:\/\/sibenik-meteo.hr\/?page_id=507"},"modified":"2025-06-08T13:14:51","modified_gmt":"2025-06-08T11:14:51","slug":"uv-index","status":"publish","type":"page","link":"https:\/\/sibenik-meteo.hr\/index.php\/uv-index\/","title":{"rendered":"UV index"},"content":{"rendered":"\n<p><em>Aktualni UV index izmjeren na senzorima automatskih meteorolo\u0161kih postaja<\/em><\/p>\n\n\n\n<div align=\"right\">\n<iframe src=\"https:\/\/sibenik-meteo.hr\/weather\/banner_pi_mhub\/uvi_desktop.php\" border=\"0\" cellspacing=\"0\" style=\"border-style: none;width: 100%; height:300px;\" frameborder=\"0\"><\/iframe>\n<\/div>\n\n\n\n<div align=\"right\">\n<iframe src=\"https:\/\/sibenik-meteo.hr\/weather\/prognoza\/sibenik_2\/wsFctUvSmall.php\" border=\"0\" cellspacing=\"0\" style=\"border-style: none;width: 100%; height:300px;\" frameborder=\"0\"><\/iframe>\n<\/div>\n\n\n\n<h4 class=\"wp-block-heading\"> <br>Prognoza najvi\u0161eg dnevnog UV-indeksa <\/h4>\n\n\n\n<div class=\"wp-block-image\"><figure class=\"aligncenter\"><img decoding=\"async\" src=\"https:\/\/prognoza.hr\/uvi\/uvi_maps_h.png\" alt=\"\"\/><figcaption>Izvor: DHMZ<\/figcaption><\/figure><\/div>\n\n\n\n<h4 class=\"wp-block-heading\"> <br>Kategorije UV indeksa <\/h4>\n\n\n\n<p class=\"has-background has-light-green-cyan-background-color\"><em><strong>UV indeks vrijednosti 0,1 i 2<\/strong> predstavlja najmanju opasnost od UV zra\u010denja. Ve\u0107ina ljudi mo\u017ee ostati na suncu i vi\u0161e od jednog sata, a da ne dobije opekline. Preporu\u010duje se upotreba sun\u010danih nao\u010dala. Ljudi sa osjetljivom ko\u017eom (tip 1) i male bebe za produ\u017eeni boravak na suncu trebaju se za\u0161tititi za\u0161titnom kremom i sun\u010danim nao\u010dalama \u010dak i pri minimalnom UV indeksu! Zbog odbijenog (reflektiranog) UV zra\u010denja posebno oprezni trebaju biti skija\u0161i i ljudi koji borave u planinama, kao i oni na moru (pliva\u010di, jedrili\u010dari) koji trebaju posebno za\u0161tititi podru\u010dja ispod brade i nosa. <strong>Vrijeme izlaganja bez za\u0161tite: 1h<\/strong><\/em><\/p>\n\n\n\n<p style=\"background-color:#faf700\" class=\"has-background\"> <em><strong>UV indeks vrijednosti 3, 4 i 5<\/strong> predstavlja umjerenu opasnost od UV zra\u010denja. Za ve\u0107inu ljudi je preporu\u010deno upotrebljavati \u0161e\u0161ir sa \u0161irokim obodom, sun\u010dane nao\u010dale i za\u0161titnu kremu. Osjetljiva populacija jo\u0161 treba dodati i odje\u0107u s dugim rukavima, jer oni mogu dobiti opekline ve\u0107 za 20 minuta. Dobro je pratiti vlastitu sjenu. \u0160to je ona kra\u0107a, ve\u0107a je opasnost od UV zra\u010denja. <strong>Vrijeme izlaganja bez za\u0161tite: 20 minuta.<\/strong><\/em><\/p>\n\n\n\n<p class=\"has-background has-luminous-vivid-orange-background-color\"><em><strong>UV indeks vrijednosti 6 i 7<\/strong> predstavlja zna\u010dajnu opasnost od UV zra\u010denja. Za ve\u0107inu ljudi se preporu\u010da upotreba \u0161e\u0161ira sa \u0161irokim obodom, sun\u010danih nao\u010dala, za\u0161titne kreme i odje\u0107e s dugim rukavima. Osjetljiva populacija mo\u017ee dobiti opekline za manje od 20 minuta, pa se ne preporu\u010da izlaganje novoro\u0111en\u010dadi suncu u vremenu od 10 do 16 sati. Ukoliko boravite ili radite na otvorenom, svakako za\u0161titite vrlo osjetljiva podru\u010dja kao \u0161to su nos, vrhovi u\u0161iju i usnice. <strong>Vrijeme izlaganja bez za\u0161tite:<\/strong> <strong>manje od 20 minuta<\/strong>.<\/em><\/p>\n\n\n\n<p class=\"has-background has-vivid-red-background-color\"><strong> <\/strong><em><strong>UV indeks vrijednosti 8 i 9<\/strong> predstavlja vrlo visoku opasnost od UV zra\u010denja. Svakako bi trebalo smanjiti boravak na suncu izme\u0111u 10 i 16 sati, te koristiti \u0161e\u0161ir sa \u0161irokim obodom, sun\u010dane nao\u010dale, za\u0161titnu kremu i odje\u0107u dugih rukava. Ljudi s vrlo osjetljivom ko\u017eom mogu dobiti opekline za manje od 10 minuta. Preporuka je da novoro\u0111en\u010dad i mala djeca ne izlaze na sunce izme\u0111u 10 i 16 sati. <strong>Vrijeme izlaganja bez za\u0161tite: 10 minuta.<\/strong><\/em><\/p>\n\n\n\n<p style=\"background-color:#a000a3\" class=\"has-background\"><em><strong>Vrijednosti UV indeksa 10 i vi\u0161e<\/strong> predstavljaju iznimno veliku opasnost od UV zra\u010denja. Preporu\u010dljivo je maksimalno smanji boravak na otvorenom sredinom dana od 10 do 16 sati. Kao za\u0161tita se preporu\u010da upotreba \u0161e\u0161ira za \u0161irokim obodom, sun\u010danih nao\u010dala, za\u0161titne kreme, odje\u0107e dugih rukava od gustog tkanja i izbjegavanje boravka na direktnom suncu. Preporuka je da novoro\u0111en\u010dad i mala djeca nikako ne izlaze na sunce izme\u0111u 10 i 16 sati. Osjetljiva populacija mo\u017ee dobiti opekline za manje od 5 minuta. <strong>Vrijeme izlaganja bez za\u0161tite: 5 minuta.<\/strong><\/em><\/p>\n","protected":false},"excerpt":{"rendered":"<p>Aktualni UV index izmjeren na senzorima automatskih meteorolo\u0161kih postaja Prognoza najvi\u0161eg dnevnog UV-indeksa Kategorije UV&#8230;<\/p>\n","protected":false},"author":1,"featured_media":0,"parent":0,"menu_order":0,"comment_status":"closed","ping_status":"closed","template":"","meta":{"_monsterinsights_skip_tracking":false,"_monsterinsights_sitenote_active":false,"_monsterinsights_sitenote_note":"","_monsterinsights_sitenote_category":0,"footnotes":""},"class_list":["post-507","page","type-page","status-publish","hentry"],"_links":{"self":[{"href":"https:\/\/sibenik-meteo.hr\/index.php\/wp-json\/wp\/v2\/pages\/507","targetHints":{"allow":["GET"]}}],"collection":[{"href":"https:\/\/sibenik-meteo.hr\/index.php\/wp-json\/wp\/v2\/pages"}],"about":[{"href":"https:\/\/sibenik-meteo.hr\/index.php\/wp-json\/wp\/v2\/types\/page"}],"author":[{"embeddable":true,"href":"https:\/\/sibenik-meteo.hr\/index.php\/wp-json\/wp\/v2\/users\/1"}],"replies":[{"embeddable":true,"href":"https:\/\/sibenik-meteo.hr\/index.php\/wp-json\/wp\/v2\/comments?post=507"}],"version-history":[{"count":25,"href":"https:\/\/sibenik-meteo.hr\/index.php\/wp-json\/wp\/v2\/pages\/507\/revisions"}],"predecessor-version":[{"id":6726,"href":"https:\/\/sibenik-meteo.hr\/index.php\/wp-json\/wp\/v2\/pages\/507\/revisions\/6726"}],"wp:attachment":[{"href":"https:\/\/sibenik-meteo.hr\/index.php\/wp-json\/wp\/v2\/media?parent=507"}],"curies":[{"name":"wp","href":"https:\/\/api.w.org\/{rel}","templated":true}]}}