{"id":5038,"date":"2023-10-24T10:11:29","date_gmt":"2023-10-24T08:11:29","guid":{"rendered":"https:\/\/sibenik-meteo.hr\/?page_id=5038"},"modified":"2023-10-24T10:19:46","modified_gmt":"2023-10-24T08:19:46","slug":"agrometeoroloska-postaja-puticanje","status":"publish","type":"page","link":"https:\/\/sibenik-meteo.hr\/index.php\/agrometeoroloska-postaja-puticanje\/","title":{"rendered":"Agrometeorolo\u0161ka postaja Puti\u010danje"},"content":{"rendered":"\n<div align=\"right\">\n<iframe src=\"https:\/\/sibenik-meteo.hr\/weather\/banner_pi_mhub\/agro_postaje_puticanje.php\" border=\"0\" cellspacing=\"0\" style=\"border-style: none;width: 100%; height:990px;\" frameborder=\"0\"><\/iframe>\n<\/div>\n\n\n\n<div class=\"wp-block-image\"><figure class=\"aligncenter\"><img loading=\"lazy\" decoding=\"async\" width=\"722\" height=\"1024\" src=\"https:\/\/sibenik-meteo.hr\/wp-content\/uploads\/2023\/10\/IMG_1711-722x1024.jpeg\" alt=\"\" class=\"wp-image-5041\" srcset=\"https:\/\/sibenik-meteo.hr\/wp-content\/uploads\/2023\/10\/IMG_1711-722x1024.jpeg 722w, https:\/\/sibenik-meteo.hr\/wp-content\/uploads\/2023\/10\/IMG_1711-212x300.jpeg 212w, https:\/\/sibenik-meteo.hr\/wp-content\/uploads\/2023\/10\/IMG_1711.jpeg 750w\" sizes=\"auto, (max-width: 722px) 100vw, 722px\" \/><\/figure><\/div>\n\n\n\n<h3 class=\"wp-block-heading\">\nKako koristiti podatke &#8211; obja\u0161njenje<br>\n<\/h3>\n\n\n\n<p>0 \u2013 10 cb&nbsp; = Tlo je dobro zasi\u0107eno vodom, nije potrebno navodnjavanje.<br>10 \u2013 30 cb\n = Tlo sadr\u017ei dovoljnu koli\u010dinu&nbsp; vodu za normalan rast i\nrazvoj biljka, iznimka su pjeskovita tla kod kojih se na vrijednostima \nod 30 cb primje\u0107uje nedostatak vode i potrebno je uvesti navodnjavanje.<br><\/p>\n\n\n\n<p>30 \u2013 60 cb = Vrijednosti kada je potrebno uvesti navodnjavanje, iznimka su te\u0161ka tla.<\/p>\n\n\n\n<p>60 \u2013 100 cb = Vrijednosti kada je potrebno navodnjavati i te\u0161ka tla.<\/p>\n\n\n\n<p>100 \u2013 200 cb = Tlo je presuho.<\/p>\n\n\n\n<p>Max vrijednost isparavnja iz tla je ukupna izmjerena vlaga koja je isparila iz tla do pono\u0107i prethodnog dana.<br><\/p>\n\n\n\n<p>Sonda za mjerenje vla\u017enosti tla je senzor koji\nmjeri elektri\u010dnu vodljivost i izmjerene veli\u010dine putem ra\u010dunalnog programa prera\u010dunava u centibare (cb) odnosno u\nvrijednosti koje prikazuju potrebnu silu koju biljka treba ostvariti da\nbi uvukla vodu u svoj korijen. Vrijednosti se kre\u0107u od 0 \u2013 200 cb, \u0161to\nje vrijednost ni\u017ea to je tlo zasi\u0107enije vodom odnosno \u0161to je vrijednost\nve\u0107a to je deficit vode u tlu ve\u0107i.<\/p>\n\n\n\n<h3 class=\"wp-block-heading\">\nO projektu<br>\n<\/h3>\n\n\n\n<p>Agrometeorolo\u0161ka postaja Puti\u010danje sastoji  se od automatske meteoerolo\u0161ke postaje i dodatnih senzora za mjerenje  temperature i vlage u tlu.<br>Projekt je financirala \u0160ibensko-kninska \u017eupanija. <\/p>\n","protected":false},"excerpt":{"rendered":"<p>Kako koristiti podatke &#8211; obja\u0161njenje 0 \u2013 10 cb&nbsp; = Tlo je dobro zasi\u0107eno vodom,&#8230;<\/p>\n","protected":false},"author":1,"featured_media":0,"parent":0,"menu_order":0,"comment_status":"closed","ping_status":"closed","template":"","meta":{"_monsterinsights_skip_tracking":false,"_monsterinsights_sitenote_active":false,"_monsterinsights_sitenote_note":"","_monsterinsights_sitenote_category":0,"footnotes":""},"class_list":["post-5038","page","type-page","status-publish","hentry"],"_links":{"self":[{"href":"https:\/\/sibenik-meteo.hr\/index.php\/wp-json\/wp\/v2\/pages\/5038","targetHints":{"allow":["GET"]}}],"collection":[{"href":"https:\/\/sibenik-meteo.hr\/index.php\/wp-json\/wp\/v2\/pages"}],"about":[{"href":"https:\/\/sibenik-meteo.hr\/index.php\/wp-json\/wp\/v2\/types\/page"}],"author":[{"embeddable":true,"href":"https:\/\/sibenik-meteo.hr\/index.php\/wp-json\/wp\/v2\/users\/1"}],"replies":[{"embeddable":true,"href":"https:\/\/sibenik-meteo.hr\/index.php\/wp-json\/wp\/v2\/comments?post=5038"}],"version-history":[{"count":2,"href":"https:\/\/sibenik-meteo.hr\/index.php\/wp-json\/wp\/v2\/pages\/5038\/revisions"}],"predecessor-version":[{"id":5042,"href":"https:\/\/sibenik-meteo.hr\/index.php\/wp-json\/wp\/v2\/pages\/5038\/revisions\/5042"}],"wp:attachment":[{"href":"https:\/\/sibenik-meteo.hr\/index.php\/wp-json\/wp\/v2\/media?parent=5038"}],"curies":[{"name":"wp","href":"https:\/\/api.w.org\/{rel}","templated":true}]}}