{"id":499,"date":"2020-04-03T11:45:02","date_gmt":"2020-04-03T09:45:02","guid":{"rendered":"http:\/\/sibenik-meteo.hr\/?page_id=499"},"modified":"2025-07-13T01:40:26","modified_gmt":"2025-07-12T23:40:26","slug":"temperatura-mora","status":"publish","type":"page","link":"https:\/\/sibenik-meteo.hr\/index.php\/temperatura-mora\/","title":{"rendered":"Temperatura mora"},"content":{"rendered":"\n<meta name=\"keywords\" content=\"more,jadran,temperatura mora,sea temperature,kupanje,sea,sibenik meteo,dhmz,jadransko more,croatia, temperature,adriatic,\u0161ibenik,sibenik,martinska,rogoznica,jadrtija,vodice,brodarica,zirje,jezera,murter,biograd,krapanj,skradin,zaton.srima,bozava,crikvenica,dubrovnik,hvar.komiza,krk,malinska.mali losinj,mljet,opatija,ppula,rab,rovinj,split,zadar\">\n<meta name=\"description\" content=\"Temperature mora na Jadranu-aktualne temperature mora izmjerene u realnom vremenu.Sea temperatures on the Adriatic - current sea temperatures measured in real time. \u0160ibenik, Split, Dubrovnik, Pula, Zadar, Vodice, Zadar,Rovinj \">\n\n\n\n<div align=\"center\"><iframe src=\"https:\/\/sibenik-meteo.hr\/weather\/banner_pi_mhub\/more_mobile.php\" border=\"0\" cellspacing=\"0\" style=\"border-style: none;width: 100%; height: 950px;\" frameborder=\"0\"><\/iframe>\n<\/div>\n\n\n\n<div class=\"wp-block-image\"><figure class=\"aligncenter\"><img loading=\"lazy\" decoding=\"async\" width=\"900\" height=\"675\" src=\"https:\/\/sibenik-meteo.hr\/wp-content\/uploads\/2023\/05\/bova.jpg\" alt=\"\" class=\"wp-image-4529\" srcset=\"https:\/\/sibenik-meteo.hr\/wp-content\/uploads\/2023\/05\/bova.jpg 900w, https:\/\/sibenik-meteo.hr\/wp-content\/uploads\/2023\/05\/bova-300x225.jpg 300w, https:\/\/sibenik-meteo.hr\/wp-content\/uploads\/2023\/05\/bova-768x576.jpg 768w\" sizes=\"auto, (max-width: 900px) 100vw, 900px\" \/><figcaption>Automatska bova za mjerenje temperature mora &#8211; \u0160ibenik Meteo<\/figcaption><\/figure><\/div>\n\n\n\n<div class=\"wp-block-image\"><figure class=\"aligncenter\"><img loading=\"lazy\" decoding=\"async\" width=\"769\" height=\"1024\" src=\"https:\/\/sibenik-meteo.hr\/wp-content\/uploads\/2023\/08\/A761E8F4-AFD3-4309-BBED-E5EBB3BC3DC1-769x1024.jpeg\" alt=\"\" class=\"wp-image-4907\" srcset=\"https:\/\/sibenik-meteo.hr\/wp-content\/uploads\/2023\/08\/A761E8F4-AFD3-4309-BBED-E5EBB3BC3DC1-769x1024.jpeg 769w, https:\/\/sibenik-meteo.hr\/wp-content\/uploads\/2023\/08\/A761E8F4-AFD3-4309-BBED-E5EBB3BC3DC1-225x300.jpeg 225w, https:\/\/sibenik-meteo.hr\/wp-content\/uploads\/2023\/08\/A761E8F4-AFD3-4309-BBED-E5EBB3BC3DC1-768x1023.jpeg 768w, https:\/\/sibenik-meteo.hr\/wp-content\/uploads\/2023\/08\/A761E8F4-AFD3-4309-BBED-E5EBB3BC3DC1.jpeg 867w\" sizes=\"auto, (max-width: 769px) 100vw, 769px\" \/><figcaption>Komunikacijski sklop za primanje podataka sa bove i slanje na server<\/figcaption><\/figure><\/div>\n\n\n\n<p> Temperatura  mora i bo\u0107ate vode donjeg toka rijeke Krke dobiveni su mjerenjem  automatskih sondi i bova u sklopu \u0160ibenik Metea. Interval mjerenja  ovisno o lokaciji iznosi od 1 do 15 minuta. Ure\u0111aji se postavljaju prema  standardu za mjerenje temperature mora i voda i to na mjestu gdje  dubina nije manja od 1.8m, a osjetnik je potopljen na dubini od 0.5m do  30cm.<\/p>\n\n\n\n<p>Sonda u Biograd je smje\u0161tena u plitkom dijelu lu\u010dice pa su razlike u odnosu na otvoreni dio obale znatne.<\/p>\n\n\n\n<p>Opis, stanje i visina valova dobiveni su kori\u0161tenjem Beaufortove i\n Douglasave skale na osnovu podataka dobivenih mjerenjem vjetra na AMP u\n sklopu \u0160ibenik Meteo na lokacijama gdje se nalaze sonde i bove.\n\n<\/p>\n\n\n\n<h2 class=\"wp-block-heading\">Temperatura mora DHMZ postaje<br><\/h2>\n\n\n\r\n<div style=\"width: 100%;  float: left; background-color: #dedad7; color: blue;\"><b>\r\n<div style=\"float: left; width: 30%;\">Postaja<\/div>\r\n<div style=\"float: left; width: 10%;\">07h<\/div>\r\n<div style=\"float:  left; width: 10%;\">08h<\/div>\r\n<div style=\"float: left; width: 10%;\">11h<\/div>\r\n<div style=\"float: left; width: 10%;\">14h<\/div>\r\n<div style=\"float: left; width: 10%;\">15h<\/div>\r\n<div style=\"float: left; width: 10%;\">17h<\/div><\/b>\r\n<\/div>\r\n<div style=\"width: 100%;  float: left;\">\r\n<div style=\"float: left; width: 30%; background-color:ffffff;\">Bo\u017eava<\/div>\r\n<div style=\"float: left; width: 10%; background-color:ffffff;\">14.5<\/div>\r\n<div style=\"float:  left; width: 10%; background-color:ffffff;\"><\/div>\r\n<div style=\"float: left; width: 10%; background-color:ffffff;\"><\/div>\r\n<div style=\"float: left; width: 10%; background-color:ffffff;\">14.8<\/div>\r\n<div style=\"float: left; width: 10%; background-color:ffffff;\"><\/div>\r\n<div style=\"float: left; width: 10%; background-color:ffffff;\"><\/div>\r\n<\/div>\r\n<div style=\"width: 100%;  float: left;\">\r\n<div style=\"float: left; width: 30%; background-color:#f2f2f2;\">Crikvenica<\/div>\r\n<div style=\"float: left; width: 10%; background-color:#f2f2f2;\">13.0<\/div>\r\n<div style=\"float:  left; width: 10%; background-color:#f2f2f2;\">13.0<\/div>\r\n<div style=\"float: left; width: 10%; background-color:#f2f2f2;\">13.3<\/div>\r\n<div style=\"float: left; width: 10%; background-color:#f2f2f2;\">13.7<\/div>\r\n<div style=\"float: left; width: 10%; background-color:#f2f2f2;\">13.5<\/div>\r\n<div style=\"float: left; width: 10%; background-color:#f2f2f2;\">14.4<\/div>\r\n<\/div>\r\n<div style=\"width: 100%;  float: left;\">\r\n<div style=\"float: left; width: 30%; background-color:ffffff;\">Dubrovnik<\/div>\r\n<div style=\"float: left; width: 10%; background-color:ffffff;\">15.3<\/div>\r\n<div style=\"float:  left; width: 10%; background-color:ffffff;\">15.3<\/div>\r\n<div style=\"float: left; width: 10%; background-color:ffffff;\">15.5<\/div>\r\n<div style=\"float: left; width: 10%; background-color:ffffff;\">16.3<\/div>\r\n<div style=\"float: left; width: 10%; background-color:ffffff;\">16.6<\/div>\r\n<div style=\"float: left; width: 10%; background-color:ffffff;\">17.1<\/div>\r\n<\/div>\r\n<div style=\"width: 100%;  float: left;\">\r\n<div style=\"float: left; width: 30%; background-color:#f2f2f2;\">Hvar<\/div>\r\n<div style=\"float: left; width: 10%; background-color:#f2f2f2;\"><\/div>\r\n<div style=\"float:  left; width: 10%; background-color:#f2f2f2;\">15.5<\/div>\r\n<div style=\"float: left; width: 10%; background-color:#f2f2f2;\"><\/div>\r\n<div style=\"float: left; width: 10%; background-color:#f2f2f2;\"><\/div>\r\n<div style=\"float: left; width: 10%; background-color:#f2f2f2;\">15.6<\/div>\r\n<div style=\"float: left; width: 10%; background-color:#f2f2f2;\"><\/div>\r\n<\/div>\r\n<div style=\"width: 100%;  float: left;\">\r\n<div style=\"float: left; width: 30%; background-color:ffffff;\">Komi\u017ea<\/div>\r\n<div style=\"float: left; width: 10%; background-color:ffffff;\"><\/div>\r\n<div style=\"float:  left; width: 10%; background-color:ffffff;\">15.0<\/div>\r\n<div style=\"float: left; width: 10%; background-color:ffffff;\"><\/div>\r\n<div style=\"float: left; width: 10%; background-color:ffffff;\">15.8<\/div>\r\n<div style=\"float: left; width: 10%; background-color:ffffff;\">15.8<\/div>\r\n<div style=\"float: left; width: 10%; background-color:ffffff;\"><\/div>\r\n<\/div>\r\n<div style=\"width: 100%;  float: left;\">\r\n<div style=\"float: left; width: 30%; background-color:#f2f2f2;\">Mali Losinj<\/div>\r\n<div style=\"float: left; width: 10%; background-color:#f2f2f2;\">14.8<\/div>\r\n<div style=\"float:  left; width: 10%; background-color:#f2f2f2;\">14.7<\/div>\r\n<div style=\"float: left; width: 10%; background-color:#f2f2f2;\">14.5<\/div>\r\n<div style=\"float: left; width: 10%; background-color:#f2f2f2;\">14.7<\/div>\r\n<div style=\"float: left; width: 10%; background-color:#f2f2f2;\">14.9<\/div>\r\n<div style=\"float: left; width: 10%; background-color:#f2f2f2;\">15.9<\/div>\r\n<\/div>\r\n<div style=\"width: 100%;  float: left;\">\r\n<div style=\"float: left; width: 30%; background-color:ffffff;\">Malinska<\/div>\r\n<div style=\"float: left; width: 10%; background-color:ffffff;\">13.5<\/div>\r\n<div style=\"float:  left; width: 10%; background-color:ffffff;\">13.5<\/div>\r\n<div style=\"float: left; width: 10%; background-color:ffffff;\">13.6<\/div>\r\n<div style=\"float: left; width: 10%; background-color:ffffff;\">13.8<\/div>\r\n<div style=\"float: left; width: 10%; background-color:ffffff;\">14.0<\/div>\r\n<div style=\"float: left; width: 10%; background-color:ffffff;\">14.1<\/div>\r\n<\/div>\r\n<div style=\"width: 100%;  float: left;\">\r\n<div style=\"float: left; width: 30%; background-color:#f2f2f2;\">Mljet-Malo jezero<\/div>\r\n<div style=\"float: left; width: 10%; background-color:#f2f2f2;\">16.2<\/div>\r\n<div style=\"float:  left; width: 10%; background-color:#f2f2f2;\">16.2<\/div>\r\n<div style=\"float: left; width: 10%; background-color:#f2f2f2;\">16.3<\/div>\r\n<div style=\"float: left; width: 10%; background-color:#f2f2f2;\">16.8<\/div>\r\n<div style=\"float: left; width: 10%; background-color:#f2f2f2;\">16.9<\/div>\r\n<div style=\"float: left; width: 10%; background-color:#f2f2f2;\">17.0<\/div>\r\n<\/div>\r\n<div style=\"width: 100%;  float: left;\">\r\n<div style=\"float: left; width: 30%; background-color:ffffff;\">Mljet-Veliko jezero<\/div>\r\n<div style=\"float: left; width: 10%; background-color:ffffff;\">15.4<\/div>\r\n<div style=\"float:  left; width: 10%; background-color:ffffff;\">15.4<\/div>\r\n<div style=\"float: left; width: 10%; background-color:ffffff;\">15.5<\/div>\r\n<div style=\"float: left; width: 10%; background-color:ffffff;\">15.8<\/div>\r\n<div style=\"float: left; width: 10%; background-color:ffffff;\">-<\/div>\r\n<div style=\"float: left; width: 10%; background-color:ffffff;\">15.8<\/div>\r\n<\/div>\r\n<div style=\"width: 100%;  float: left;\">\r\n<div style=\"float: left; width: 30%; background-color:#f2f2f2;\">Mljet-otvoreno more<\/div>\r\n<div style=\"float: left; width: 10%; background-color:#f2f2f2;\">-<\/div>\r\n<div style=\"float:  left; width: 10%; background-color:#f2f2f2;\">-<\/div>\r\n<div style=\"float: left; width: 10%; background-color:#f2f2f2;\">-<\/div>\r\n<div style=\"float: left; width: 10%; background-color:#f2f2f2;\">-<\/div>\r\n<div style=\"float: left; width: 10%; background-color:#f2f2f2;\">-<\/div>\r\n<div style=\"float: left; width: 10%; background-color:#f2f2f2;\">-<\/div>\r\n<\/div>\r\n<div style=\"width: 100%;  float: left;\">\r\n<div style=\"float: left; width: 30%; background-color:ffffff;\">Opatija<\/div>\r\n<div style=\"float: left; width: 10%; background-color:ffffff;\">13.6<\/div>\r\n<div style=\"float:  left; width: 10%; background-color:ffffff;\">13.5<\/div>\r\n<div style=\"float: left; width: 10%; background-color:ffffff;\">13.6<\/div>\r\n<div style=\"float: left; width: 10%; background-color:ffffff;\">14.3<\/div>\r\n<div style=\"float: left; width: 10%; background-color:ffffff;\">14.6<\/div>\r\n<div style=\"float: left; width: 10%; background-color:ffffff;\">14.3<\/div>\r\n<\/div>\r\n<div style=\"width: 100%;  float: left;\">\r\n<div style=\"float: left; width: 30%; background-color:#f2f2f2;\">Pula<\/div>\r\n<div style=\"float: left; width: 10%; background-color:#f2f2f2;\"><\/div>\r\n<div style=\"float:  left; width: 10%; background-color:#f2f2f2;\">15.3<\/div>\r\n<div style=\"float: left; width: 10%; background-color:#f2f2f2;\"><\/div>\r\n<div style=\"float: left; width: 10%; background-color:#f2f2f2;\"><\/div>\r\n<div style=\"float: left; width: 10%; background-color:#f2f2f2;\"><\/div>\r\n<div style=\"float: left; width: 10%; background-color:#f2f2f2;\"><\/div>\r\n<\/div>\r\n<div style=\"width: 100%;  float: left;\">\r\n<div style=\"float: left; width: 30%; background-color:ffffff;\">Rab<\/div>\r\n<div style=\"float: left; width: 10%; background-color:ffffff;\"><\/div>\r\n<div style=\"float:  left; width: 10%; background-color:ffffff;\">14.8<\/div>\r\n<div style=\"float: left; width: 10%; background-color:ffffff;\"><\/div>\r\n<div style=\"float: left; width: 10%; background-color:ffffff;\"><\/div>\r\n<div style=\"float: left; width: 10%; background-color:ffffff;\">16.5<\/div>\r\n<div style=\"float: left; width: 10%; background-color:ffffff;\"><\/div>\r\n<\/div>\r\n<div style=\"width: 100%;  float: left;\">\r\n<div style=\"float: left; width: 30%; background-color:#f2f2f2;\">Rovinj-Sv.Ivan n\/p<\/div>\r\n<div style=\"float: left; width: 10%; background-color:#f2f2f2;\"><\/div>\r\n<div style=\"float:  left; width: 10%; background-color:#f2f2f2;\">13.6<\/div>\r\n<div style=\"float: left; width: 10%; background-color:#f2f2f2;\"><\/div>\r\n<div style=\"float: left; width: 10%; background-color:#f2f2f2;\"><\/div>\r\n<div style=\"float: left; width: 10%; background-color:#f2f2f2;\"><\/div>\r\n<div style=\"float: left; width: 10%; background-color:#f2f2f2;\"><\/div>\r\n<\/div>\r\n<div style=\"width: 100%;  float: left;\">\r\n<div style=\"float: left; width: 30%; background-color:ffffff;\">Split<\/div>\r\n<div style=\"float: left; width: 10%; background-color:ffffff;\"><\/div>\r\n<div style=\"float:  left; width: 10%; background-color:ffffff;\">15.0<\/div>\r\n<div style=\"float: left; width: 10%; background-color:ffffff;\"><\/div>\r\n<div style=\"float: left; width: 10%; background-color:ffffff;\">16.0<\/div>\r\n<div style=\"float: left; width: 10%; background-color:ffffff;\"><\/div>\r\n<div style=\"float: left; width: 10%; background-color:ffffff;\"><\/div>\r\n<\/div>\r\n<div style=\"width: 100%;  float: left;\">\r\n<div style=\"float: left; width: 30%; background-color:#f2f2f2;\">\u0160ibenik<\/div>\r\n<div style=\"float: left; width: 10%; background-color:#f2f2f2;\"><\/div>\r\n<div style=\"float:  left; width: 10%; background-color:#f2f2f2;\">15.0<\/div>\r\n<div style=\"float: left; width: 10%; background-color:#f2f2f2;\"><\/div>\r\n<div style=\"float: left; width: 10%; background-color:#f2f2f2;\"><\/div>\r\n<div style=\"float: left; width: 10%; background-color:#f2f2f2;\">15.5<\/div>\r\n<div style=\"float: left; width: 10%; background-color:#f2f2f2;\"><\/div>\r\n<\/div>\r\n<div style=\"width: 100%;  float: left;\">\r\n<div style=\"float: left; width: 30%; background-color:ffffff;\">Zadar<\/div>\r\n<div style=\"float: left; width: 10%; background-color:ffffff;\">14.6<\/div>\r\n<div style=\"float:  left; width: 10%; background-color:ffffff;\">14.9<\/div>\r\n<div style=\"float: left; width: 10%; background-color:ffffff;\">15.0<\/div>\r\n<div style=\"float: left; width: 10%; background-color:ffffff;\">15.7<\/div>\r\n<div style=\"float: left; width: 10%; background-color:ffffff;\">15.7<\/div>\r\n<div style=\"float: left; width: 10%; background-color:ffffff;\">15.8<\/div>\r\n<\/div>\n\n\n\n<h2 class=\"wp-block-heading\">Temperature mora Jadran i srednje Sredozemlje<br><\/h2>\n\n\n\n<figure class=\"wp-block-image alignwide\"><img decoding=\"async\" src=\"https:\/\/www.wetteronline.de\/?gid=IY&amp;iid=IY&amp;img=true&amp;pid=p_city_watertemperature&amp;sid=Map\" alt=\"\"\/><figcaption>Izvor: Wetteronline<\/figcaption><\/figure>\n","protected":false},"excerpt":{"rendered":"<p>Temperatura mora i bo\u0107ate vode donjeg toka rijeke Krke dobiveni su mjerenjem automatskih sondi i&#8230;<\/p>\n","protected":false},"author":1,"featured_media":0,"parent":0,"menu_order":0,"comment_status":"closed","ping_status":"closed","template":"","meta":{"_monsterinsights_skip_tracking":false,"_monsterinsights_sitenote_active":false,"_monsterinsights_sitenote_note":"","_monsterinsights_sitenote_category":0,"footnotes":""},"class_list":["post-499","page","type-page","status-publish","hentry"],"_links":{"self":[{"href":"https:\/\/sibenik-meteo.hr\/index.php\/wp-json\/wp\/v2\/pages\/499","targetHints":{"allow":["GET"]}}],"collection":[{"href":"https:\/\/sibenik-meteo.hr\/index.php\/wp-json\/wp\/v2\/pages"}],"about":[{"href":"https:\/\/sibenik-meteo.hr\/index.php\/wp-json\/wp\/v2\/types\/page"}],"author":[{"embeddable":true,"href":"https:\/\/sibenik-meteo.hr\/index.php\/wp-json\/wp\/v2\/users\/1"}],"replies":[{"embeddable":true,"href":"https:\/\/sibenik-meteo.hr\/index.php\/wp-json\/wp\/v2\/comments?post=499"}],"version-history":[{"count":40,"href":"https:\/\/sibenik-meteo.hr\/index.php\/wp-json\/wp\/v2\/pages\/499\/revisions"}],"predecessor-version":[{"id":6810,"href":"https:\/\/sibenik-meteo.hr\/index.php\/wp-json\/wp\/v2\/pages\/499\/revisions\/6810"}],"wp:attachment":[{"href":"https:\/\/sibenik-meteo.hr\/index.php\/wp-json\/wp\/v2\/media?parent=499"}],"curies":[{"name":"wp","href":"https:\/\/api.w.org\/{rel}","templated":true}]}}