{"id":4564,"date":"2023-05-27T10:39:46","date_gmt":"2023-05-27T08:39:46","guid":{"rendered":"https:\/\/sibenik-meteo.hr\/?page_id=4564"},"modified":"2023-05-27T10:44:10","modified_gmt":"2023-05-27T08:44:10","slug":"agrometeoroloska-postaja-miljevci-2","status":"publish","type":"page","link":"https:\/\/sibenik-meteo.hr\/index.php\/agrometeoroloska-postaja-miljevci-2\/","title":{"rendered":"Agrometeorolo\u0161ka postaja Miljevci"},"content":{"rendered":"\n<div align=\"right\">\n<iframe src=\"https:\/\/sibenik-meteo.hr\/weather\/banner_pi_mhub\/agro_postaje_miljevci2.php\" border=\"0\" cellspacing=\"0\" style=\"border-style: none;width: 100%; height:990px;\" frameborder=\"0\"><\/iframe>\n<\/div>\n\n\n\n<div class=\"wp-block-image\"><figure class=\"aligncenter\"><img loading=\"lazy\" decoding=\"async\" width=\"960\" height=\"720\" src=\"https:\/\/sibenik-meteo.hr\/wp-content\/uploads\/2023\/05\/agro-1.jpg\" alt=\"\" class=\"wp-image-4565\" srcset=\"https:\/\/sibenik-meteo.hr\/wp-content\/uploads\/2023\/05\/agro-1.jpg 960w, https:\/\/sibenik-meteo.hr\/wp-content\/uploads\/2023\/05\/agro-1-300x225.jpg 300w, https:\/\/sibenik-meteo.hr\/wp-content\/uploads\/2023\/05\/agro-1-768x576.jpg 768w\" sizes=\"auto, (max-width: 960px) 100vw, 960px\" \/><figcaption>Agrometeorolo\u0161ka postaja Miljevci<\/figcaption><\/figure><\/div>\n\n\n\n<h3 class=\"wp-block-heading\">\nKako koristiti podatke &#8211; obja\u0161njenje<br>\n<\/h3>\n\n\n\n<p>0 \u2013 10 cb&nbsp; = Tlo je dobro zasi\u0107eno vodom, nije potrebno navodnjavanje.<br>10 \u2013 30 cb\n = Tlo sadr\u017ei dovoljnu koli\u010dinu&nbsp; vodu za normalan rast i\nrazvoj biljka, iznimka su pjeskovita tla kod kojih se na vrijednostima \nod 30 cb primje\u0107uje nedostatak vode i potrebno je uvesti navodnjavanje.<br><\/p>\n\n\n\n<p>30 \u2013 60 cb = Vrijednosti kada je potrebno uvesti navodnjavanje, iznimka su te\u0161ka tla.<\/p>\n\n\n\n<p>60 \u2013 100 cb = Vrijednosti kada je potrebno navodnjavati i te\u0161ka tla.<\/p>\n\n\n\n<p>100 \u2013 200 cb = Tlo je presuho.<\/p>\n\n\n\n<p>Max vrijednost isparavnja iz tla je ukupna izmjerena vlaga koja je isparila iz tla do pono\u0107i prethodnog dana.<br><\/p>\n\n\n\n<p>Sonda za mjerenje vla\u017enosti tla je senzor koji\nmjeri elektri\u010dnu vodljivost i izmjerene veli\u010dine putem ra\u010dunalnog programa prera\u010dunava u centibare (cb) odnosno u\nvrijednosti koje prikazuju potrebnu silu koju biljka treba ostvariti da\nbi uvukla vodu u svoj korijen. Vrijednosti se kre\u0107u od 0 \u2013 200 cb, \u0161to\nje vrijednost ni\u017ea to je tlo zasi\u0107enije vodom odnosno \u0161to je vrijednost\nve\u0107a to je deficit vode u tlu ve\u0107i.<\/p>\n\n\n\n<h3 class=\"wp-block-heading\">\nO projektu<br>\n<\/h3>\n\n\n\n<p>Agrometeorolo\u0161ka postaja Miljevci sastoji  se od automatske meteoerolo\u0161ke postaje i dodatnih senzora za mjerenje  temperature i vlage u tlu, UV index-a i solarnog zra\u010denja ameri\u010dkog  proizvo\u0111a\u010da meteorolo\u0161ke opreme Davis.<br>Projekt je financiran od strane Odjela za geografiju Sveu\u010dili\u0161ta u Zadru.<\/p>\n","protected":false},"excerpt":{"rendered":"<p>Kako koristiti podatke &#8211; obja\u0161njenje 0 \u2013 10 cb&nbsp; = Tlo je dobro zasi\u0107eno vodom,&#8230;<\/p>\n","protected":false},"author":1,"featured_media":0,"parent":0,"menu_order":0,"comment_status":"closed","ping_status":"closed","template":"","meta":{"_monsterinsights_skip_tracking":false,"_monsterinsights_sitenote_active":false,"_monsterinsights_sitenote_note":"","_monsterinsights_sitenote_category":0,"footnotes":""},"class_list":["post-4564","page","type-page","status-publish","hentry"],"_links":{"self":[{"href":"https:\/\/sibenik-meteo.hr\/index.php\/wp-json\/wp\/v2\/pages\/4564","targetHints":{"allow":["GET"]}}],"collection":[{"href":"https:\/\/sibenik-meteo.hr\/index.php\/wp-json\/wp\/v2\/pages"}],"about":[{"href":"https:\/\/sibenik-meteo.hr\/index.php\/wp-json\/wp\/v2\/types\/page"}],"author":[{"embeddable":true,"href":"https:\/\/sibenik-meteo.hr\/index.php\/wp-json\/wp\/v2\/users\/1"}],"replies":[{"embeddable":true,"href":"https:\/\/sibenik-meteo.hr\/index.php\/wp-json\/wp\/v2\/comments?post=4564"}],"version-history":[{"count":3,"href":"https:\/\/sibenik-meteo.hr\/index.php\/wp-json\/wp\/v2\/pages\/4564\/revisions"}],"predecessor-version":[{"id":4571,"href":"https:\/\/sibenik-meteo.hr\/index.php\/wp-json\/wp\/v2\/pages\/4564\/revisions\/4571"}],"wp:attachment":[{"href":"https:\/\/sibenik-meteo.hr\/index.php\/wp-json\/wp\/v2\/media?parent=4564"}],"curies":[{"name":"wp","href":"https:\/\/api.w.org\/{rel}","templated":true}]}}