{"id":456,"date":"2020-04-02T21:44:54","date_gmt":"2020-04-02T19:44:54","guid":{"rendered":"http:\/\/sibenik-meteo.hr\/?page_id=456"},"modified":"2020-04-03T17:17:44","modified_gmt":"2020-04-03T15:17:44","slug":"hrvatska-danas","status":"publish","type":"page","link":"https:\/\/sibenik-meteo.hr\/index.php\/hrvatska-danas\/","title":{"rendered":"Hrvatska danas"},"content":{"rendered":"<h3 style=\"color: blue; text-align: center;\">Hrvatska danas<\/h3><br><b>09.04.26<\/b><br><br><br><br>Djelomice, prijepodne i prete\u017eno sun\u010dano. Vjetar slab do umjeren sjeverni i sjeveroisto\u010dni, na istoku na udare i jak sjeverozapadni. Na Jadranu \u0107e puhati umjerena i jaka bura, ujutro ponegdje s olujnim udarima, a u drugom dijelu dana u Dalmaciji sjeverozapadnjak, mjestimice i jugozapadnjak. Najvi\u0161a dnevna temperatura zraka od 14 do 17, na Jadranu izme\u0111u 18 i 20 \u00b0C.<\/b><br><br><iframe src=\"https:\/\/sibenik-meteo.hr\/portal\/web\/dhmz\/karta\/karta_prognoza_danas.php\" border=\"0\" cellspacing=\"0\" style=\"border-style: none; width: 100%; height:320px; text-align: center;\" frameborder=\"0\"><\/iframe><br><br><h3 style=\"color: blue; text-align: center;\">Prognoza za Hrvatsku po regijama<\/h3><br><b>Isto\u010dna Hrvatska<\/b><br><br> \n    Djelomice, prijepodne \u010desto i prete\u017eno sun\u010dano. Vjetar slab do umjerensjeverni i sjeverozapadni, lokalno s jakim udarima. Najvi\u0161a dnevna temperatura izme\u0111u 13 i 16 \u00b0C.\n  <br><br><b>Sredi\u0161nja Hrvatska<\/b><br><br> \n    Djelomice, prijepodne i prete\u017eno sun\u010dano. Vjetar slab do umjeren sjeverni i sjeveroisto\u010dni. Najvi\u0161a dnevna temperatura od 15 do 17 \u00b0C.\n  <br><br><b>Sjeverni Jadran<\/b><br><br> \n    Djelomice sun\u010dano s promjenjivom naoblakom. Umjerena do jaka bura, podno Velebita s olujnim udarima postupno slabi, a posljepodne okre\u0107e na jugozapadni, na ju\u017enom dijelu i sjeverozapadni vjetar. Najvi\u0161a dnevna temperatra izme\u0111u 17 i 20 \u00b0C.\n  <br><br><b>Gorska Hrvatska<\/b><br><br> \n    Djelomice, prijepodne i prete\u017eno sun\u010dano. Vjetar slab do umjeren sjeveroisto\u010dni. Najvi\u0161a dnevna temperatura od 12 do 15 \u00b0C.\n  <br><br><b>Dalmacija<\/b><br><br> \n    Prevladavat \u0107e sun\u010dano, poslijepodne povremeno uz umjerenu naoblaku. Puhat \u0107e umjerena do jaka bura, poslijepodne u okretanju na sjeverozapadni vjetar. Najvi\u0161a dnevna temperatura od 18 i 20 \u00b0C.\n  <br><br><b>Istra<\/b><br><br> \n    Djelomice sun\u010dano uz umjerenu naoblaku.  Puhat \u0107e slaba do umjerena, prijepodne mjestimice poja\u010dana bura. More \u0107e biti malo do umjereno valovito. Najvi\u0161a dnevna temperatura zraka bit \u0107e uglavnom od 18 do 20 \u00b0C.\n  <br><br><a href=\"https:\/\/meteo.hr\/\" target=\"_blank\"><small style=\"color: blue; text-align: center; float: right;\" >Izvor: DHMZ<\/small><\/a>\n","protected":false},"excerpt":{"rendered":"","protected":false},"author":1,"featured_media":0,"parent":0,"menu_order":0,"comment_status":"closed","ping_status":"closed","template":"","meta":{"_monsterinsights_skip_tracking":false,"_monsterinsights_sitenote_active":false,"_monsterinsights_sitenote_note":"","_monsterinsights_sitenote_category":0,"footnotes":""},"class_list":["post-456","page","type-page","status-publish","hentry"],"_links":{"self":[{"href":"https:\/\/sibenik-meteo.hr\/index.php\/wp-json\/wp\/v2\/pages\/456","targetHints":{"allow":["GET"]}}],"collection":[{"href":"https:\/\/sibenik-meteo.hr\/index.php\/wp-json\/wp\/v2\/pages"}],"about":[{"href":"https:\/\/sibenik-meteo.hr\/index.php\/wp-json\/wp\/v2\/types\/page"}],"author":[{"embeddable":true,"href":"https:\/\/sibenik-meteo.hr\/index.php\/wp-json\/wp\/v2\/users\/1"}],"replies":[{"embeddable":true,"href":"https:\/\/sibenik-meteo.hr\/index.php\/wp-json\/wp\/v2\/comments?post=456"}],"version-history":[{"count":28,"href":"https:\/\/sibenik-meteo.hr\/index.php\/wp-json\/wp\/v2\/pages\/456\/revisions"}],"predecessor-version":[{"id":568,"href":"https:\/\/sibenik-meteo.hr\/index.php\/wp-json\/wp\/v2\/pages\/456\/revisions\/568"}],"wp:attachment":[{"href":"https:\/\/sibenik-meteo.hr\/index.php\/wp-json\/wp\/v2\/media?parent=456"}],"curies":[{"name":"wp","href":"https:\/\/api.w.org\/{rel}","templated":true}]}}