{"id":3966,"date":"2023-01-12T21:58:17","date_gmt":"2023-01-12T20:58:17","guid":{"rendered":"https:\/\/sibenik-meteo.hr\/?page_id=3966"},"modified":"2023-05-27T10:42:42","modified_gmt":"2023-05-27T08:42:42","slug":"agrometeoroloska-postaja-knin","status":"publish","type":"page","link":"https:\/\/sibenik-meteo.hr\/index.php\/agrometeoroloska-postaja-knin\/","title":{"rendered":"Agrometeorolo\u0161ka postaja Knin"},"content":{"rendered":"\n<div align=\"right\">\n<iframe src=\"https:\/\/sibenik-meteo.hr\/weather\/banner_pi_mhub\/agro_postaje.php\" border=\"0\" cellspacing=\"0\" style=\"border-style: none;width: 100%; height:990px;\" frameborder=\"0\"><\/iframe>\n<\/div>\n\n\n\n<div class=\"wp-block-image\"><figure class=\"aligncenter\"><img loading=\"lazy\" decoding=\"async\" width=\"812\" height=\"1024\" src=\"https:\/\/sibenik-meteo.hr\/wp-content\/uploads\/2023\/05\/agro_2-812x1024.png\" alt=\"\" class=\"wp-image-4568\" srcset=\"https:\/\/sibenik-meteo.hr\/wp-content\/uploads\/2023\/05\/agro_2-812x1024.png 812w, https:\/\/sibenik-meteo.hr\/wp-content\/uploads\/2023\/05\/agro_2-238x300.png 238w, https:\/\/sibenik-meteo.hr\/wp-content\/uploads\/2023\/05\/agro_2-768x968.png 768w, https:\/\/sibenik-meteo.hr\/wp-content\/uploads\/2023\/05\/agro_2.png 931w\" sizes=\"auto, (max-width: 812px) 100vw, 812px\" \/><figcaption>Agromteorolo\u0161ka postaja Knin<\/figcaption><\/figure><\/div>\n\n\n\n<h3 class=\"wp-block-heading\">\nKako koristiti podatke &#8211; obja\u0161njenje<br>\n<\/h3>\n\n\n\n<p>0 \u2013 10 cb&nbsp; = Tlo je dobro zasi\u0107eno vodom, nije potrebno navodnjavanje.<br>10 \u2013 30 cb\n = Tlo sadr\u017ei dovoljnu koli\u010dinu&nbsp; vodu za normalan rast i\nrazvoj biljka, iznimka su pjeskovita tla kod kojih se na vrijednostima \nod 30 cb primje\u0107uje nedostatak vode i potrebno je uvesti navodnjavanje.<br><\/p>\n\n\n\n<p>30 \u2013 60 cb = Vrijednosti kada je potrebno uvesti navodnjavanje, iznimka su te\u0161ka tla.<\/p>\n\n\n\n<p>60 \u2013 100 cb = Vrijednosti kada je potrebno navodnjavati i te\u0161ka tla.<\/p>\n\n\n\n<p>100 \u2013 200 cb = Tlo je presuho.<\/p>\n\n\n\n<p>Max vrijednost isparavnja iz tla je ukupna izmjerena vlaga koja je isparila iz tla do pono\u0107i prethodnog dana.<br><\/p>\n\n\n\n<p>Sonda za mjerenje vla\u017enosti tla je senzor koji\nmjeri elektri\u010dnu vodljivost i izmjerene veli\u010dine putem ra\u010dunalnog programa prera\u010dunava u centibare (cb) odnosno u\nvrijednosti koje prikazuju potrebnu silu koju biljka treba ostvariti da\nbi uvukla vodu u svoj korijen. Vrijednosti se kre\u0107u od 0 \u2013 200 cb, \u0161to\nje vrijednost ni\u017ea to je tlo zasi\u0107enije vodom odnosno \u0161to je vrijednost\nve\u0107a to je deficit vode u tlu ve\u0107i.<\/p>\n\n\n\n<h3 class=\"wp-block-heading\">\nO projektu<br>\n<\/h3>\n\n\n\n<p>Agrometeorolo\u0161ka postaja Knin sastoji  se od automatske meteoerolo\u0161ke postaje i dodatnih senzora za mjerenje  temperature i vlage u tlu, UV index-a i solarnog zra\u010denja ameri\u010dkog  proizvo\u0111a\u010da meteorolo\u0161ke opreme Davis.<br>Projekt je financirala \u0160ibensko-kninska \u017eupanija. <\/p>\n","protected":false},"excerpt":{"rendered":"<p>Kako koristiti podatke &#8211; obja\u0161njenje 0 \u2013 10 cb&nbsp; = Tlo je dobro zasi\u0107eno vodom,&#8230;<\/p>\n","protected":false},"author":2,"featured_media":0,"parent":0,"menu_order":0,"comment_status":"closed","ping_status":"closed","template":"","meta":{"_monsterinsights_skip_tracking":false,"_monsterinsights_sitenote_active":false,"_monsterinsights_sitenote_note":"","_monsterinsights_sitenote_category":0,"footnotes":""},"class_list":["post-3966","page","type-page","status-publish","hentry"],"_links":{"self":[{"href":"https:\/\/sibenik-meteo.hr\/index.php\/wp-json\/wp\/v2\/pages\/3966","targetHints":{"allow":["GET"]}}],"collection":[{"href":"https:\/\/sibenik-meteo.hr\/index.php\/wp-json\/wp\/v2\/pages"}],"about":[{"href":"https:\/\/sibenik-meteo.hr\/index.php\/wp-json\/wp\/v2\/types\/page"}],"author":[{"embeddable":true,"href":"https:\/\/sibenik-meteo.hr\/index.php\/wp-json\/wp\/v2\/users\/2"}],"replies":[{"embeddable":true,"href":"https:\/\/sibenik-meteo.hr\/index.php\/wp-json\/wp\/v2\/comments?post=3966"}],"version-history":[{"count":8,"href":"https:\/\/sibenik-meteo.hr\/index.php\/wp-json\/wp\/v2\/pages\/3966\/revisions"}],"predecessor-version":[{"id":4569,"href":"https:\/\/sibenik-meteo.hr\/index.php\/wp-json\/wp\/v2\/pages\/3966\/revisions\/4569"}],"wp:attachment":[{"href":"https:\/\/sibenik-meteo.hr\/index.php\/wp-json\/wp\/v2\/media?parent=3966"}],"curies":[{"name":"wp","href":"https:\/\/api.w.org\/{rel}","templated":true}]}}