{"id":3521,"date":"2022-09-11T20:51:19","date_gmt":"2022-09-11T18:51:19","guid":{"rendered":"https:\/\/sibenik-meteo.hr\/?page_id=3521"},"modified":"2025-11-06T08:50:36","modified_gmt":"2025-11-06T07:50:36","slug":"sjever-sibensko-kninske-zupanije","status":"publish","type":"page","link":"https:\/\/sibenik-meteo.hr\/index.php\/sjever-sibensko-kninske-zupanije\/","title":{"rendered":"Sjever \u0160ibensko-kninske \u017eupanije"},"content":{"rendered":"\n<p>Panoramske kamere uz bolju percepciju  vremenskih prilika omogu\u0107uju i   dodatnu turisti\u010dku valorizaciju i  promid\u017ebu lokacije.  Uz \u0160ibenik Meteo   u suradnji sa <a href=\"https:\/\/www.whatsupcams.com\"><em>Whatsupcams<\/em><\/a> &amp; <a href=\"https:\/\/www.livecamcroatia.com\"><em>LiveCam Croatia<\/em><\/a> donosimo najzanimljivije i najgledanije kamere sa podru\u010dja sjevernog dijela \u0160ibensko-kninske \u017eupanije.  <\/p>\n\n\n\n<div class=\"wp-block-image\"><figure class=\"aligncenter\"><img decoding=\"async\" src=\"https:\/\/sibenik-meteo.hr\/weather\/web_cam\/knin\/cam_4.php\" alt=\"\"\/><figcaption>Knin<\/figcaption><\/figure><\/div>\n\n\n\n<figure class=\"wp-block-image\"><img decoding=\"async\" src=\"https:\/\/sibenik-meteo.hr\/weather\/web_cam\/drnis\/cam_4.php\" alt=\"\"\/><figcaption>Drni\u0161<\/figcaption><\/figure>\n\n\n\n<figure class=\"wp-block-image\"><img decoding=\"async\" src=\"https:\/\/sibenik-meteo.hr\/weather\/web_cam\/kijevo\/cam_4.php\" alt=\"\"\/><figcaption>Kijevo &#8211; Pogled na Dinaru<\/figcaption><\/figure>\n\n\n\n<figure class=\"wp-block-image\"><img decoding=\"async\" src=\"https:\/\/sibenik-meteo.hr\/weather\/web_cam\/promina\/cam_4.php\" alt=\"\"\/><figcaption>Promina 855m<\/figcaption><\/figure>\n","protected":false},"excerpt":{"rendered":"<p>Panoramske kamere uz bolju percepciju vremenskih prilika omogu\u0107uju i dodatnu turisti\u010dku valorizaciju i promid\u017ebu lokacije&#8230;.<\/p>\n","protected":false},"author":2,"featured_media":0,"parent":0,"menu_order":0,"comment_status":"closed","ping_status":"closed","template":"","meta":{"_monsterinsights_skip_tracking":false,"_monsterinsights_sitenote_active":false,"_monsterinsights_sitenote_note":"","_monsterinsights_sitenote_category":0,"footnotes":""},"class_list":["post-3521","page","type-page","status-publish","hentry"],"_links":{"self":[{"href":"https:\/\/sibenik-meteo.hr\/index.php\/wp-json\/wp\/v2\/pages\/3521","targetHints":{"allow":["GET"]}}],"collection":[{"href":"https:\/\/sibenik-meteo.hr\/index.php\/wp-json\/wp\/v2\/pages"}],"about":[{"href":"https:\/\/sibenik-meteo.hr\/index.php\/wp-json\/wp\/v2\/types\/page"}],"author":[{"embeddable":true,"href":"https:\/\/sibenik-meteo.hr\/index.php\/wp-json\/wp\/v2\/users\/2"}],"replies":[{"embeddable":true,"href":"https:\/\/sibenik-meteo.hr\/index.php\/wp-json\/wp\/v2\/comments?post=3521"}],"version-history":[{"count":14,"href":"https:\/\/sibenik-meteo.hr\/index.php\/wp-json\/wp\/v2\/pages\/3521\/revisions"}],"predecessor-version":[{"id":7208,"href":"https:\/\/sibenik-meteo.hr\/index.php\/wp-json\/wp\/v2\/pages\/3521\/revisions\/7208"}],"wp:attachment":[{"href":"https:\/\/sibenik-meteo.hr\/index.php\/wp-json\/wp\/v2\/media?parent=3521"}],"curies":[{"name":"wp","href":"https:\/\/api.w.org\/{rel}","templated":true}]}}