{"id":309,"date":"2020-03-29T16:25:05","date_gmt":"2020-03-29T14:25:05","guid":{"rendered":"http:\/\/sibenik-meteo.hr\/?page_id=309"},"modified":"2022-01-02T18:04:35","modified_gmt":"2022-01-02T17:04:35","slug":"sinopticka-situacija","status":"publish","type":"page","link":"https:\/\/sibenik-meteo.hr\/index.php\/sinopticka-situacija\/","title":{"rendered":"Sinopti\u010dka situacija"},"content":{"rendered":"\n<p><strong>Sinopti\u010dka meteorologija<\/strong> je grana meteorologije koja se bavi analizom i prognozom vremena na temelju prizemnih i visinskih podataka o stanju atmosfere na \u0161irem podru\u010dju. Osnova je sinopti\u010dke meteorologije uporaba podataka o vremenu koji su dobiveni istodobnim mjerenjem i opa\u017eanjem sa \u0161irokoga podru\u010dja neke dr\u017eave, kontinenta, pa i cijeloga planeta. <\/p>\n\n\n\n<h4 class=\"wp-block-heading\" style=\"text-align:center\"> Trenutna sinopti\u010dka situacija u Europi <\/h4>\n\n\n\n<figure class=\"wp-block-image alignwide\"><img decoding=\"async\" src=\"https:\/\/meteocentre.com\/analysis\/local\/eur.gif?1335710538\" alt=\"\"\/><\/figure>\n\n\n\n<h4 class=\"wp-block-heading\" style=\"text-align:center\"> Trenutna sinopti\u010dka situacija u regiji <\/h4>\n\n\n\n<figure class=\"wp-block-image alignwide\"><img decoding=\"async\" src=\"https:\/\/meteocentre.com\/analysis\/local\/it.gif?1335710599\" alt=\"\"\/><\/figure>\n\n\n\n<h4 class=\"wp-block-heading\" style=\"text-align:center\">Fronte i ciklone<\/h4>\n\n\n\n<figure class=\"wp-block-image alignwide\"><img decoding=\"async\" src=\"https:\/\/portal.chmi.cz\/files\/portal\/docs\/meteo\/om\/evropa\/analyza.gif\" alt=\"\"\/><\/figure>\n","protected":false},"excerpt":{"rendered":"<p>Sinopti\u010dka meteorologija je grana meteorologije koja se bavi analizom i prognozom vremena na temelju prizemnih&#8230;<\/p>\n","protected":false},"author":1,"featured_media":0,"parent":0,"menu_order":0,"comment_status":"closed","ping_status":"closed","template":"","meta":{"_monsterinsights_skip_tracking":false,"_monsterinsights_sitenote_active":false,"_monsterinsights_sitenote_note":"","_monsterinsights_sitenote_category":0,"footnotes":""},"class_list":["post-309","page","type-page","status-publish","hentry"],"_links":{"self":[{"href":"https:\/\/sibenik-meteo.hr\/index.php\/wp-json\/wp\/v2\/pages\/309","targetHints":{"allow":["GET"]}}],"collection":[{"href":"https:\/\/sibenik-meteo.hr\/index.php\/wp-json\/wp\/v2\/pages"}],"about":[{"href":"https:\/\/sibenik-meteo.hr\/index.php\/wp-json\/wp\/v2\/types\/page"}],"author":[{"embeddable":true,"href":"https:\/\/sibenik-meteo.hr\/index.php\/wp-json\/wp\/v2\/users\/1"}],"replies":[{"embeddable":true,"href":"https:\/\/sibenik-meteo.hr\/index.php\/wp-json\/wp\/v2\/comments?post=309"}],"version-history":[{"count":3,"href":"https:\/\/sibenik-meteo.hr\/index.php\/wp-json\/wp\/v2\/pages\/309\/revisions"}],"predecessor-version":[{"id":1514,"href":"https:\/\/sibenik-meteo.hr\/index.php\/wp-json\/wp\/v2\/pages\/309\/revisions\/1514"}],"wp:attachment":[{"href":"https:\/\/sibenik-meteo.hr\/index.php\/wp-json\/wp\/v2\/media?parent=309"}],"curies":[{"name":"wp","href":"https:\/\/api.w.org\/{rel}","templated":true}]}}