{"id":307,"date":"2020-03-29T16:24:26","date_gmt":"2020-03-29T14:24:26","guid":{"rendered":"http:\/\/sibenik-meteo.hr\/?page_id=307"},"modified":"2022-01-10T19:41:00","modified_gmt":"2022-01-10T18:41:00","slug":"pomorska-prognoza","status":"publish","type":"page","link":"https:\/\/sibenik-meteo.hr\/index.php\/pomorska-prognoza\/","title":{"rendered":"Pomorska prognoza"},"content":{"rendered":"<h3 style=\"color: blue; text-align: center;\">VREMENSKO IZVJE\u0160\u0106E, dan 14.04.2026 u 06:00 sati<\/h3><br> <h4><p style=\"color: red;\">Upozorenje<\/p><\/h4><br>Mjestimice udari SE, na sjevernom Jadranu NE vjetra 35-45 \u010dvorova. Na ju\u017enom i srednjem Jadranu mogu\u0107e more 5. Mogu\u0107e su nevere. \t<br><br> <h4><p style=\"color: blue;\">Stanje<\/p><\/h4><br>U Tirenskom moru se zadr\u017eava ciklona s frontalnim poreme\u0107ajem. \t<br><br> <h4><p style=\"color: blue; text-align: center;\">Vremenska prognoza za sljede\u0107a 24 sata, vrijedi do: 15.04.2026 u 06 sati<\/p><\/h4><br> <h4><p style=\"color: blue;\"> Sjeverni Jadran<\/p><\/h4><br>Vjetar SE 10-20, jo\u0161 u po\u010detku do 24 \u010dvora. Na krajnjem sjeveru i pod Velebitom, prema kraju dana i drugdje vjetar NE 10-20, pod Velebitom do 24 \u010dvora. More 3-4. Vidljivost 5-15 km. Prete\u017eno obla\u010dno, mjestimice ki\u0161a, pljuskovi i grmljavina. \t<br> <h4><p style=\"color: blue;\"> Srednji Jadran<\/p><\/h4><br>Vjetar SE 12-26, jo\u0161 u po\u010detku do 30, prema kraju dana u slabljenju na 10-20 \u010dvorova. More 3-4, jo\u0161 u po\u010detku mogu\u0107e 5. Vidljivost 5-15 km. Prete\u017eno obla\u010dno, mjestimice ki\u0161a, pljuskovi i grmljavina. \t<br> <h4><p style=\"color: blue;\"> Ju\u017eni Jadran<\/p><\/h4><br>Vjetar SE 12-26, jo\u0161 danas na krajnjem jugu do 30, u slabljenju na 10-20 \u010dvorova. More 3-4, jo\u0161 danas na otvorenom mogu\u0107e 5. Vidljivost 5-15 km. Prete\u017eno obla\u010dno, mjestimice ki\u0161a, pljuskovi i grmljavina. \t<br><br><br><br><table style=\"\">\r\n<tr>\r\n<td>Mjesto<\/td>\r\n<td>Vjetar (\u010dv)<\/td>\r\n<td>Stanje mora<\/td>\r\n<td>Vidljivost (km)<\/td>\r\n<td>Pojave<\/td>\r\n<td>Tlak zraka (hPa)<\/td>\r\n<\/tr>\r\n<tr>\r\n<td>Rijeka<\/td>\r\n<td><\/td>\r\n<td><\/td>\r\n<td><\/td>\r\n<td><\/td>\r\n<td><\/td>\r\n<\/tr>\r\n<tr>\r\n<td>Senj<\/td>\r\n<td><\/td>\r\n<td><\/td>\r\n<td><\/td>\r\n<td><\/td>\r\n<td><\/td>\r\n<\/tr>\r\n<tr>\r\n<td>Mali Lo\u0161inj<\/td>\r\n<td><\/td>\r\n<td><\/td>\r\n<td><\/td>\r\n<td><\/td>\r\n<td><\/td>\r\n<\/tr>\r\n<tr>\r\n<td>Zadar<\/td>\r\n<td><\/td>\r\n<td><\/td>\r\n<td><\/td>\r\n<td><\/td>\r\n<td><\/td>\r\n<\/tr>\r\n<tr>\r\n<td>Split<\/td>\r\n<td><\/td>\r\n<td><\/td>\r\n<td><\/td>\r\n<td><\/td>\r\n<td><\/td>\r\n<\/tr>\r\n<tr>\r\n<td>Palagru\u017ea<\/td>\r\n<td>SE 28<\/td>\r\n<td>5<\/td>\r\n<td>10<\/td>\r\n<td>OBLA\u010cNO<\/td>\r\n<td>1007<\/td>\r\n<\/tr>\r\n<tr>\r\n<td>Dubrovnik<\/td>\r\n<td>SE 19<\/td>\r\n<td>3<\/td>\r\n<td>12<\/td>\r\n<td>KI\u0160A<\/td>\r\n<td>1011<\/td>\r\n<\/tr>\r\n<\/table> \n","protected":false},"excerpt":{"rendered":"","protected":false},"author":1,"featured_media":0,"parent":0,"menu_order":0,"comment_status":"closed","ping_status":"closed","template":"","meta":{"_monsterinsights_skip_tracking":false,"_monsterinsights_sitenote_active":false,"_monsterinsights_sitenote_note":"","_monsterinsights_sitenote_category":0,"footnotes":""},"class_list":["post-307","page","type-page","status-publish","hentry"],"_links":{"self":[{"href":"https:\/\/sibenik-meteo.hr\/index.php\/wp-json\/wp\/v2\/pages\/307","targetHints":{"allow":["GET"]}}],"collection":[{"href":"https:\/\/sibenik-meteo.hr\/index.php\/wp-json\/wp\/v2\/pages"}],"about":[{"href":"https:\/\/sibenik-meteo.hr\/index.php\/wp-json\/wp\/v2\/types\/page"}],"author":[{"embeddable":true,"href":"https:\/\/sibenik-meteo.hr\/index.php\/wp-json\/wp\/v2\/users\/1"}],"replies":[{"embeddable":true,"href":"https:\/\/sibenik-meteo.hr\/index.php\/wp-json\/wp\/v2\/comments?post=307"}],"version-history":[{"count":10,"href":"https:\/\/sibenik-meteo.hr\/index.php\/wp-json\/wp\/v2\/pages\/307\/revisions"}],"predecessor-version":[{"id":1701,"href":"https:\/\/sibenik-meteo.hr\/index.php\/wp-json\/wp\/v2\/pages\/307\/revisions\/1701"}],"wp:attachment":[{"href":"https:\/\/sibenik-meteo.hr\/index.php\/wp-json\/wp\/v2\/media?parent=307"}],"curies":[{"name":"wp","href":"https:\/\/api.w.org\/{rel}","templated":true}]}}