{"id":1600,"date":"2022-01-06T11:59:57","date_gmt":"2022-01-06T10:59:57","guid":{"rendered":"https:\/\/sibenik-meteo.hr\/?page_id=1600"},"modified":"2025-12-07T10:11:32","modified_gmt":"2025-12-07T09:11:32","slug":"uzivo-kamere","status":"publish","type":"page","link":"https:\/\/sibenik-meteo.hr\/index.php\/uzivo-kamere\/","title":{"rendered":"U\u017eivo kamere"},"content":{"rendered":"<p>Prijenos kamera u\u017eivo omogu\u0107io je <a href=\"_wp_link_placeholder\" data-wplink-edit=\"true\">YouTube kanal Croatia-Live panorama view<\/a>, <a href=\"https:\/\/www.livecamcroatia.com\/\">Livecam Croatia<\/a> &amp; <a href=\"https:\/\/www.whatsupcams.com\/\">What&#8217;s up<\/a>.<\/p>\n\n\n<hr class=\"wp-block-separator\"\/>\n\n\n\n<link href=\"https:\/\/vjs.zencdn.net\/7.15.4\/video-js.css\" rel=\"stylesheet\">\n\n\n\n<style>.vjs-logo {\n    display: block;\n    position: absolute;\n    top: 10px;\n    right: 10px;\n    width: 12% !important;\n    max-width: 12% !important;\n}\n.vjs-logo img{\n    display: inline;\n    width: 100%;\n    max-width: 100%;\n    height: auto;\n}\n.vjs-logo-hide {\n    display: none;\n}<\/style>\n\n\n\n<script>function streamData(data, status) {\n    var playerWrapper = document.getElementById('wuc-player-wrapper');\n    var videoEL = document.createElement(\"video\");\n    var sourceHLS = document.createElement(\"source\");\n    sourceHLS.type = \"application\/x-mpegURL\";\n    sourceHLS.src = data.hls.url;\n    videoEL.appendChild(sourceHLS);\n    videoEL.classList.add('video-js');\n    function setAttributes(el, attrs) {\n        for(var key in attrs) {\n            el.setAttribute(key, attrs[key]);\n        }\n    }\n\n    var poster = \"https:\/\/cdn.whatsupcams.com\/snapshot\/hr_buildsibenik01.jpg\"\n    setAttributes(videoEL, {\"id\": \"wuc-player\", \"controls\": \"true\", \"preload\": \"auto\", \"responsive\": \"true\", \"fluid\": \"true\", \"muted\": \"true\", \"poster\": poster});\n    playerWrapper.appendChild(videoEL);\n    var player = videojs('wuc-player');\n    player.ready(function() {\n        var playerEl = document.getElementById('wuc-player');\n        var wucLogo = document.getElementById('wuc-logo');\n        playerEl.appendChild(wucLogo);\n        wucLogo.classList.remove('vjs-logo-hide');\n    });\n}\nvar script = document.createElement('script');\nscript.onload = function () {\n};\nscript.src = \"https:\/\/services.whatsupcams.com\/streams\/hr_buildsibenik01?jsonp=true\";\ndocument.head.appendChild(script);<\/script>\n\n\n\n<script src=\"https:\/\/vjs.zencdn.net\/7.15.4\/video.min.js\"><\/script>\n\n\n\n<div id=\"wuc-player-wrapper\"><\/div>\n\n\n\n<figure class=\"wp-block-image\"><a class=\"vjs-logo vjs-logo-hide\" href=\"https:\/\/www.whatsupcams.com\/\" target=\"_blank\" rel=\"noopener noreferrer\"><img decoding=\"async\" src=\"https:\/\/www.whatsupcams.com\/wp-content\/themes\/whatsappcam\/img\/logo_player.png\" alt=\"Whatsupcams logo\"\/><\/a><\/figure>\n\n\n\n<hr class=\"wp-block-separator\"\/>\n\n\n\n<figure class=\"wp-block-embed-youtube wp-block-embed is-type-video is-provider-youtube wp-embed-aspect-4-3 wp-has-aspect-ratio\"><div class=\"wp-block-embed__wrapper\">\n<iframe loading=\"lazy\" title=\"Knin - Croatia live panorama view\" width=\"640\" height=\"480\" src=\"https:\/\/www.youtube.com\/embed\/vX_OKnltekc?feature=oembed\" frameborder=\"0\" allow=\"accelerometer; autoplay; clipboard-write; encrypted-media; gyroscope; picture-in-picture; web-share\" referrerpolicy=\"strict-origin-when-cross-origin\" allowfullscreen><\/iframe>\n<\/div><\/figure>\n\n\n\n<hr class=\"wp-block-separator\"\/>\n\n\n\n<figure class=\"wp-block-embed-youtube wp-block-embed is-type-video is-provider-youtube wp-embed-aspect-4-3 wp-has-aspect-ratio\"><div class=\"wp-block-embed__wrapper\">\n<iframe loading=\"lazy\" title=\"Primo\u0161ten, Croatia - Live panorama view\" width=\"640\" height=\"480\" src=\"https:\/\/www.youtube.com\/embed\/MMdHyT6iX6c?feature=oembed\" frameborder=\"0\" allow=\"accelerometer; autoplay; clipboard-write; encrypted-media; gyroscope; picture-in-picture; web-share\" referrerpolicy=\"strict-origin-when-cross-origin\" allowfullscreen><\/iframe>\n<\/div><\/figure>\n\n\n\n<hr class=\"wp-block-separator\"\/>\n\n\n\n<figure class=\"wp-block-embed-youtube wp-block-embed is-type-video is-provider-youtube wp-embed-aspect-4-3 wp-has-aspect-ratio\"><div class=\"wp-block-embed__wrapper\">\n<iframe loading=\"lazy\" title=\"Pirovac riva, Croatia - Live panorama view\" width=\"640\" height=\"480\" src=\"https:\/\/www.youtube.com\/embed\/Orn53faAS7M?feature=oembed\" frameborder=\"0\" allow=\"accelerometer; autoplay; clipboard-write; encrypted-media; gyroscope; picture-in-picture; web-share\" referrerpolicy=\"strict-origin-when-cross-origin\" allowfullscreen><\/iframe>\n<\/div><\/figure>\n","protected":false},"excerpt":{"rendered":"<p>Prijenos kamera u\u017eivo omogu\u0107io je YouTube kanal Croatia-Live panorama view, Livecam Croatia &amp; What&#8217;s up.<\/p>\n","protected":false},"author":2,"featured_media":0,"parent":0,"menu_order":0,"comment_status":"closed","ping_status":"closed","template":"","meta":{"_monsterinsights_skip_tracking":false,"_monsterinsights_sitenote_active":false,"_monsterinsights_sitenote_note":"","_monsterinsights_sitenote_category":0,"footnotes":""},"class_list":["post-1600","page","type-page","status-publish","hentry"],"_links":{"self":[{"href":"https:\/\/sibenik-meteo.hr\/index.php\/wp-json\/wp\/v2\/pages\/1600","targetHints":{"allow":["GET"]}}],"collection":[{"href":"https:\/\/sibenik-meteo.hr\/index.php\/wp-json\/wp\/v2\/pages"}],"about":[{"href":"https:\/\/sibenik-meteo.hr\/index.php\/wp-json\/wp\/v2\/types\/page"}],"author":[{"embeddable":true,"href":"https:\/\/sibenik-meteo.hr\/index.php\/wp-json\/wp\/v2\/users\/2"}],"replies":[{"embeddable":true,"href":"https:\/\/sibenik-meteo.hr\/index.php\/wp-json\/wp\/v2\/comments?post=1600"}],"version-history":[{"count":55,"href":"https:\/\/sibenik-meteo.hr\/index.php\/wp-json\/wp\/v2\/pages\/1600\/revisions"}],"predecessor-version":[{"id":7276,"href":"https:\/\/sibenik-meteo.hr\/index.php\/wp-json\/wp\/v2\/pages\/1600\/revisions\/7276"}],"wp:attachment":[{"href":"https:\/\/sibenik-meteo.hr\/index.php\/wp-json\/wp\/v2\/media?parent=1600"}],"curies":[{"name":"wp","href":"https:\/\/api.w.org\/{rel}","templated":true}]}}