{"id":1596,"date":"2022-01-06T11:42:45","date_gmt":"2022-01-06T10:42:45","guid":{"rendered":"https:\/\/sibenik-meteo.hr\/?page_id=1596"},"modified":"2022-09-11T10:16:46","modified_gmt":"2022-09-11T08:16:46","slug":"panoramske-kamere","status":"publish","type":"page","link":"https:\/\/sibenik-meteo.hr\/index.php\/panoramske-kamere\/","title":{"rendered":"Panoramske kamere"},"content":{"rendered":"\n<p>Panoramske kamere u sklopu \u0160ibenik Meteo portala uz bolju percepciju  vremenskih prilika omogu\u0107uju i dodatnu turisti\u010dku valorizaciju i  promid\u017ebu lokacije. <\/p>\n\n\n\n<h4 class=\"wp-block-heading\">Grad \u0160ibenik i okolica<br><\/h4>\n\n\n\n<figure class=\"wp-block-image alignwide\"><img decoding=\"async\" src=\"https:\/\/www.sibenik-meteo.hr\/weather\/web_cam\/mti_sat\/sibenik_riva\/cam_4.php\" alt=\"\"\/><figcaption><strong>\u0160ibenik -Riva<\/strong><\/figcaption><\/figure>\n\n\n\n<figure class=\"wp-block-image alignwide\"><img decoding=\"async\" src=\"https:\/\/www.sibenik-meteo.hr\/weather\/web_cam\/gimnazija\/cam_4.php\" alt=\"\"\/><figcaption><strong>\u0160ibenik &#8211; Pogled sa Gimnazije<\/strong><\/figcaption><\/figure>\n\n\n\n<figure class=\"wp-block-image alignwide\"><img decoding=\"async\" src=\"https:\/\/www.sibenik-meteo.hr\/weather\/web_cam\/subicevac\/cam_4.php\" alt=\"\"\/><figcaption><strong>Pogled s \u0160ubi\u0107evca na donji dio \u0160ibenika i akvatorij<\/strong><\/figcaption><\/figure>\n\n\n\n<figure class=\"wp-block-image alignwide\"><img decoding=\"async\" src=\"https:\/\/sibenik-meteo.hr\/weather\/web_cam\/brodarica\/cam_2.php\" alt=\"\"\/><figcaption><strong>Gradska pla\u017ea Rezali\u0161te &#8211; \u0161ibenska Brodarica<\/strong><\/figcaption><\/figure>\n\n\n\n<figure class=\"wp-block-image alignwide\"><img decoding=\"async\" src=\"https:\/\/www.sibenik-meteo.hr\/weather\/web_cam\/zaton\/cam_1.php\" alt=\"\"\/><figcaption><strong>Zaton kod \u0160ibenika<\/strong><\/figcaption><\/figure>\n\n\n\n<figure class=\"wp-block-image alignwide\"><img decoding=\"async\" src=\"https:\/\/sibenik-meteo.hr\/weather\/web_cam\/mti_sat\/bilice\/cam_4.php\" alt=\"\"\/><figcaption><strong>Bilice Vrulja<\/strong><\/figcaption><\/figure>\n\n\n\n<h4 class=\"wp-block-heading\">Jug i otoci<br><\/h4>\n\n\n\n<figure class=\"wp-block-image alignwide\"><img decoding=\"async\" src=\"https:\/\/www.sibenik-meteo.hr\/weather\/web_cam\/rogoznica\/cam_2.php\" alt=\"\"\/><figcaption><strong>Rogoznica <\/strong><\/figcaption><\/figure>\n\n\n\n<figure class=\"wp-block-image alignwide\"><img decoding=\"async\" src=\"https:\/\/www.sibenik-meteo.hr\/weather\/web_cam\/mti_sat\/primosten_nizic\/cam_4.php\" alt=\"\"\/><figcaption><strong>Primo\u0161ten<\/strong><\/figcaption><\/figure>\n\n\n\n<figure class=\"wp-block-image alignwide\"><img decoding=\"async\" src=\"https:\/\/www.sibenik-meteo.hr\/weather\/web_cam\/mti_sat\/primosten_rudina\/cam_4.php\" alt=\"\"\/><figcaption><strong>Trg Rudina &#8211; Primo\u0161ten<\/strong><\/figcaption><\/figure>\n\n\n\n<figure class=\"wp-block-image alignwide\"><img decoding=\"async\" src=\"https:\/\/sibenik-meteo.hr\/\/weather\/web_cam\/mti_sat\/primosten_trg\/cam_4.php\" alt=\"\"\/><figcaption><strong>Primo\u0161ten<\/strong><\/figcaption><\/figure>\n\n\n\n<figure class=\"wp-block-image alignwide\"><img decoding=\"async\" src=\"https:\/\/www.sibenik-meteo.hr\/weather\/web_cam\/mti_sat\/primosten_plaza\/cam_4.php\" alt=\"\"\/><figcaption><strong>Pla\u017ea Mala Radu\u010da &#8211; Primo\u0161ten<\/strong><\/figcaption><\/figure>\n\n\n\n<figure class=\"wp-block-image alignwide\"><img decoding=\"async\" src=\"https:\/\/www.sibenik-meteo.hr\/weather\/web_cam\/mti_sat\/primosten_vlaho\/cam_4.php\" alt=\"\"\/><figcaption><strong>Pla\u017ea Mala Radu\u010da &#8211; Primo\u0161ten<\/strong><\/figcaption><\/figure>\n\n\n\n<figure class=\"wp-block-image alignwide\"><img decoding=\"async\" src=\"https:\/\/www.sibenik-meteo.hr\/weather\/web_cam\/mti_sat\/primosten_riva\/cam_4.php\" alt=\"\"\/><figcaption><strong>Riva &#8211; Primo\u0161ten<\/strong><\/figcaption><\/figure>\n\n\n\n<figure class=\"wp-block-image alignwide\"><img decoding=\"async\" src=\"https:\/\/sibenik-meteo.hr\/weather\/web_cam\/zirje\/cam_1.php\" alt=\"\"\/><figcaption><strong>Trajektna luka u uvali Muna &#8211; otok \u017dirje<\/strong><\/figcaption><\/figure>\n\n\n\n<figure class=\"wp-block-image alignwide\"><img decoding=\"async\" src=\"https:\/\/www.sibenik-meteo.hr\/weather\/web_cam\/krapanj\/cam_1.php\" alt=\"\"\/><figcaption><strong>Pogled na Brodaricu s otoka Krapnja<\/strong><\/figcaption><\/figure>\n\n\n\n<figure class=\"wp-block-image alignwide\"><img decoding=\"async\" src=\"https:\/\/www.sibenik-meteo.hr\/weather\/amp\/planka\/cam_4.php\" alt=\"\"\/><figcaption><strong>Punta Planka &#8211; zapad<\/strong><\/figcaption><\/figure>\n\n\n\n<figure class=\"wp-block-image alignwide\"><img decoding=\"async\" src=\"https:\/\/www.sibenik-meteo.hr\/weather\/web_cam\/planka\/cam_4.php\" alt=\"\"\/><figcaption><strong>Punta Planka &#8211; jug<\/strong><\/figcaption><\/figure>\n\n\n\n<h4 class=\"wp-block-heading\">Zapad<br><\/h4>\n\n\n\n<figure class=\"wp-block-image alignwide\"><img decoding=\"async\" src=\"https:\/\/www.sibenik-meteo.hr\/weather\/web_cam\/vodice\/cam_4.php\" alt=\"\"\/><figcaption><strong>Vodice<\/strong><\/figcaption><\/figure>\n\n\n\n<figure class=\"wp-block-image alignwide\"><img decoding=\"async\" src=\"https:\/\/sibenik-meteo.hr\/weather\/web_cam\/pirovac\/cam_4.php\" alt=\"\"\/><figcaption><strong>Pirovac marina<\/strong><\/figcaption><\/figure>\n\n\n\n<figure class=\"wp-block-image alignwide\"><img decoding=\"async\" src=\"https:\/\/www.sibenik-meteo.hr\/weather\/web_cam\/sepurina\/cam_4.php\" alt=\"\"\/><figcaption><strong>Prvi\u0107 \u0160epurine<\/strong><\/figcaption><\/figure>\n\n\n\n<figure class=\"wp-block-image alignwide\"><img decoding=\"async\" src=\"https:\/\/www.sibenik-meteo.hr\/weather\/web_cam\/jezera\/cam_4.php\" alt=\"\"\/><figcaption><strong>Jezera<\/strong><\/figcaption><\/figure>\n\n\n\n<figure class=\"wp-block-image alignwide\"><img decoding=\"async\" src=\"https:\/\/www.sibenik-meteo.hr\/weather\/web_cam\/\/mti_sat\/jezera\/cam_4.php\" alt=\"\"\/><figcaption><strong>Jezera &#8211; istok<\/strong><\/figcaption><\/figure>\n\n\n\n<figure class=\"wp-block-image alignwide\"><img decoding=\"async\" src=\"https:\/\/sibenik-meteo.hr\/weather\/web_cam\/mti_sat\/slanica\/cam_4.php\" alt=\"\"\/><figcaption><strong>Kamp Slanica<\/strong><\/figcaption><\/figure>\n\n\n\n<figure class=\"wp-block-image alignwide\"><img decoding=\"async\" src=\"https:\/\/sibenik-meteo.hr\/weather\/web_cam\/mti_sat\/betina_ponton\/cam_4.php\" alt=\"\"\/><figcaption><strong>Marina Betina<\/strong><\/figcaption><\/figure>\n\n\n\n<figure class=\"wp-block-image alignwide\"><img decoding=\"async\" src=\"https:\/\/sibenik-meteo.hr\/weather\/web_cam\/mti_sat\/betina_dizalica\/cam_4.php\" alt=\"\"\/><figcaption><strong>Marina Betina<\/strong><\/figcaption><\/figure>\n\n\n\n<figure class=\"wp-block-image alignwide\"><img decoding=\"async\" src=\"https:\/\/sibenik-meteo.hr\/weather\/web_cam\/mti_sat\/betina_livo\/cam_4.php\" alt=\"\"\/><figcaption><strong>Marina Betina<\/strong><\/figcaption><\/figure>\n\n\n\n<figure class=\"wp-block-image alignwide\"><img decoding=\"async\" src=\"https:\/\/www.sibenik-meteo.hr\/weather\/web_cam\/puticanje\/cam_1.php\" alt=\"\"\/><figcaption><strong>Puti\u010danje<\/strong><\/figcaption><\/figure>\n\n\n\n<figure class=\"wp-block-image alignwide\"><img decoding=\"async\" src=\"https:\/\/sibenik-meteo.hr\/weather\/web_cam\/mti_sat\/srima\/cam_4.php\" alt=\"\"\/><figcaption><strong>Srima<\/strong><\/figcaption><\/figure>\n\n\n\n<h4 class=\"wp-block-heading\">Sjever<br><\/h4>\n\n\n\n<figure class=\"wp-block-image alignwide\"><img decoding=\"async\" src=\"https:\/\/www.sibenik-meteo.hr\/weather\/web_cam\/knin\/cam_4.php\" alt=\"\"\/><figcaption><strong>Knin<\/strong><\/figcaption><\/figure>\n\n\n\n<figure class=\"wp-block-image alignwide\"><img decoding=\"async\" src=\"https:\/\/www.sibenik-meteo.hr\/weather\/web_cam\/drnis\/cam_1.jpg\" alt=\"\"\/><figcaption><strong>Drni\u0161<\/strong><\/figcaption><\/figure>\n\n\n\n<figure class=\"wp-block-image alignwide\"><img decoding=\"async\" src=\"https:\/\/www.sibenik-meteo.hr\/weather\/web_cam\/drnis\/cam_4.php\" alt=\"\"\/><figcaption><strong>Drni\u0161<\/strong><\/figcaption><\/figure>\n\n\n\n<figure class=\"wp-block-image alignwide\"><img decoding=\"async\" src=\"https:\/\/www.sibenik-meteo.hr\/weather\/web_cam\/kijevo\/cam_4.php\" alt=\"\"\/><figcaption><strong>Pogled na Dinaru &#8211; Kijevo<\/strong><\/figcaption><\/figure>\n\n\n\n<figure class=\"wp-block-image alignwide\"><img decoding=\"async\" src=\"https:\/\/www.sibenik-meteo.hr\/weather\/web_cam\/skradin\/cam_4.php\" alt=\"\"\/><figcaption><strong>Skradin<\/strong><\/figcaption><\/figure>\n\n\n\n<figure class=\"wp-block-image alignwide\"><img decoding=\"async\" src=\"https:\/\/www.sibenik-meteo.hr\/weather\/web_cam\/most\/cam_4.php\" alt=\"\"\/><figcaption><strong>Most Krka<\/strong><\/figcaption><\/figure>\n\n\n\n<figure class=\"wp-block-image alignwide\"><img decoding=\"async\" src=\"https:\/\/sibenik-meteo.hr\/weather\/web_cam\/muc\/cam_4.php\" alt=\"\"\/><figcaption><strong>Mu\u0107, Splitsko-dalmatinska \u017eupanija<\/strong><\/figcaption><\/figure>\n\n\n\n<figure class=\"wp-block-image alignwide\"><img decoding=\"async\" src=\"https:\/\/www.sibenik-meteo.hr\/weather\/web_cam\/promina\/cam_2.jpg\" alt=\"\"\/><figcaption><strong>Planina Promina (855m)<\/strong><\/figcaption><\/figure>\n\n\n\n<figure class=\"wp-block-image alignwide\"><img decoding=\"async\" src=\"https:\/\/www.sibenik-meteo.hr\/weather\/web_cam\/promina\/cam_4.php\" alt=\"\"\/><figcaption><strong>Planina Promina (855m)<\/strong><\/figcaption><\/figure>\n\n\n\n<h4 class=\"wp-block-heading\">Bosna i Hercegovina<\/h4>\n\n\n\n<figure class=\"wp-block-image alignwide\"><img decoding=\"async\" src=\"https:\/\/sibenik-meteo.hr\/weather\/web_cam\/zirovic\/jug\/cam_1.jpg\" alt=\"\"\/><figcaption><strong>\u017dirovi\u0107i &#8211;  Pogled na jug, Livanjsko polje i sjevernu stranu Kame\u0161nice <\/strong><\/figcaption><\/figure>\n\n\n\n<figure class=\"wp-block-image alignwide\"><img decoding=\"async\" src=\"https:\/\/sibenik-meteo.hr\/weather\/web_cam\/zirovic\/zapad\/cam_1.jpg\" alt=\"\"\/><figcaption> <br><strong>\u017dirovi\u0107i  &#8211;<\/strong> <strong>Pogled na zapad, na Livanjsko polje i sjevernu stranu Dinare<\/strong> <\/figcaption><\/figure>\n\n\n\n<figure class=\"wp-block-image alignwide\"><img decoding=\"async\" src=\"https:\/\/sibenik-meteo.hr\/weather\/web_cam\/zirovic\/sjever\/cam_1.jpg\" alt=\"\"\/><figcaption> <br><strong>\u017dirovi\u0107i  &#8211;<\/strong>  <strong>Pogled na sjever, automatska meteorolo\u0161ka postaja <\/strong><\/figcaption><\/figure>\n","protected":false},"excerpt":{"rendered":"<p>Panoramske kamere u sklopu \u0160ibenik Meteo portala uz bolju percepciju vremenskih prilika omogu\u0107uju i dodatnu&#8230;<\/p>\n","protected":false},"author":2,"featured_media":0,"parent":0,"menu_order":0,"comment_status":"closed","ping_status":"closed","template":"","meta":{"_monsterinsights_skip_tracking":false,"_monsterinsights_sitenote_active":false,"_monsterinsights_sitenote_note":"","_monsterinsights_sitenote_category":0,"footnotes":""},"class_list":["post-1596","page","type-page","status-publish","hentry"],"_links":{"self":[{"href":"https:\/\/sibenik-meteo.hr\/index.php\/wp-json\/wp\/v2\/pages\/1596","targetHints":{"allow":["GET"]}}],"collection":[{"href":"https:\/\/sibenik-meteo.hr\/index.php\/wp-json\/wp\/v2\/pages"}],"about":[{"href":"https:\/\/sibenik-meteo.hr\/index.php\/wp-json\/wp\/v2\/types\/page"}],"author":[{"embeddable":true,"href":"https:\/\/sibenik-meteo.hr\/index.php\/wp-json\/wp\/v2\/users\/2"}],"replies":[{"embeddable":true,"href":"https:\/\/sibenik-meteo.hr\/index.php\/wp-json\/wp\/v2\/comments?post=1596"}],"version-history":[{"count":11,"href":"https:\/\/sibenik-meteo.hr\/index.php\/wp-json\/wp\/v2\/pages\/1596\/revisions"}],"predecessor-version":[{"id":3495,"href":"https:\/\/sibenik-meteo.hr\/index.php\/wp-json\/wp\/v2\/pages\/1596\/revisions\/3495"}],"wp:attachment":[{"href":"https:\/\/sibenik-meteo.hr\/index.php\/wp-json\/wp\/v2\/media?parent=1596"}],"curies":[{"name":"wp","href":"https:\/\/api.w.org\/{rel}","templated":true}]}}