{"id":1584,"date":"2022-01-05T21:17:45","date_gmt":"2022-01-05T20:17:45","guid":{"rendered":"https:\/\/sibenik-meteo.hr\/?page_id=1584"},"modified":"2025-09-10T06:50:49","modified_gmt":"2025-09-10T04:50:49","slug":"grmljavina","status":"publish","type":"page","link":"https:\/\/sibenik-meteo.hr\/index.php\/grmljavina\/","title":{"rendered":"Grmljavina"},"content":{"rendered":"\n<iframe loading=\"lazy\" src=\"https:\/\/embed.windy.com\/embed2.html?lat=44.387&amp;lon=15.930&amp;detailLat=39.417&amp;detailLon=-95.334&amp;width=1000&amp;height=800&amp;zoom=7&amp;level=surface&amp;overlay=radar&amp;product=radar&amp;menu=&amp;message=true&amp;marker=&amp;calendar=now&amp;pressure=true&amp;type=map&amp;location=coordinates&amp;detail=&amp;metricWind=m%2Fs&amp;metricTemp=%C2%B0C&amp;radarRange=-1\" width=\"100%\" height=\"800\" frameborder=\"0\"><\/iframe>\n\n\n\n<h4 class=\"wp-block-heading\">Grmljavinski senzor &#8211; \u0160ibenik<\/h4>\n\n\n\n<p>Senzor u radijusu 70km od \u0160ibenika prati grmljavinsku aktivnost i broji udare munja \u0161to omogu\u0107uje pra\u0107enje intenzitet nevremena. Postavljen je na \u0160ubi\u0107evcu, na nadmorskoj visini od 110m.<\/p>\n\n\n\n<div class=\"wp-block-image\"><figure class=\"aligncenter\"><img decoding=\"async\" src=\"https:\/\/sibenik-meteo.hr\/weather\/amp\/stankovci\/template_4\/client_bilavlaka\/lightninggraph.gif\" alt=\"\"\/><figcaption>Grmljavinski senzor &#8211; broja udara munja<\/figcaption><\/figure><\/div>\n","protected":false},"excerpt":{"rendered":"<p>Grmljavinski senzor &#8211; \u0160ibenik Senzor u radijusu 70km od \u0160ibenika prati grmljavinsku aktivnost i broji&#8230;<\/p>\n","protected":false},"author":2,"featured_media":0,"parent":0,"menu_order":0,"comment_status":"closed","ping_status":"closed","template":"","meta":{"_monsterinsights_skip_tracking":false,"_monsterinsights_sitenote_active":false,"_monsterinsights_sitenote_note":"","_monsterinsights_sitenote_category":0,"footnotes":""},"class_list":["post-1584","page","type-page","status-publish","hentry"],"_links":{"self":[{"href":"https:\/\/sibenik-meteo.hr\/index.php\/wp-json\/wp\/v2\/pages\/1584","targetHints":{"allow":["GET"]}}],"collection":[{"href":"https:\/\/sibenik-meteo.hr\/index.php\/wp-json\/wp\/v2\/pages"}],"about":[{"href":"https:\/\/sibenik-meteo.hr\/index.php\/wp-json\/wp\/v2\/types\/page"}],"author":[{"embeddable":true,"href":"https:\/\/sibenik-meteo.hr\/index.php\/wp-json\/wp\/v2\/users\/2"}],"replies":[{"embeddable":true,"href":"https:\/\/sibenik-meteo.hr\/index.php\/wp-json\/wp\/v2\/comments?post=1584"}],"version-history":[{"count":11,"href":"https:\/\/sibenik-meteo.hr\/index.php\/wp-json\/wp\/v2\/pages\/1584\/revisions"}],"predecessor-version":[{"id":7096,"href":"https:\/\/sibenik-meteo.hr\/index.php\/wp-json\/wp\/v2\/pages\/1584\/revisions\/7096"}],"wp:attachment":[{"href":"https:\/\/sibenik-meteo.hr\/index.php\/wp-json\/wp\/v2\/media?parent=1584"}],"curies":[{"name":"wp","href":"https:\/\/api.w.org\/{rel}","templated":true}]}}